{"id":980,"date":"2021-06-28T13:04:04","date_gmt":"2021-06-28T11:04:04","guid":{"rendered":"https:\/\/www.olejnadzlato.cz\/?page_id=980"},"modified":"2021-07-01T10:12:35","modified_gmt":"2021-07-01T08:12:35","slug":"980-2","status":"publish","type":"page","link":"https:\/\/www.olejnadzlato.cz\/?page_id=980","title":{"rendered":"V\u00fd\u017eivov\u00e1 doporu\u010den\u00ed"},"content":{"rendered":"<p>[et_pb_section fb_built=&#8220;1&#8243; fullwidth=&#8220;on&#8220; _builder_version=&#8220;4.0.1&#8243;][et_pb_fullwidth_image src=&#8220;https:\/\/www.olejnadzlato.cz\/wp-content\/uploads\/2019\/11\/oleje.jpg&#8220; _builder_version=&#8220;4.0.1&#8243;][\/et_pb_fullwidth_image][\/et_pb_section][et_pb_section fb_built=&#8220;1&#8243; _builder_version=&#8220;4.0.1&#8243;][et_pb_row column_structure=&#8220;2_3,1_3&#8243; _builder_version=&#8220;4.0.1&#8243;][et_pb_column type=&#8220;2_3&#8243; _builder_version=&#8220;4.0.1&#8243;][et_pb_text _builder_version=&#8220;4.7.0&#8243; hover_enabled=&#8220;0&#8243; sticky_enabled=&#8220;0&#8243;]<\/p>\n<p><span>Tuky pat\u0159\u00ed mezi kontroverzn\u00ed \u017eiviny. \u0158ada lid\u00ed m\u00e1 tendenci se vyh\u00fdbat tuk\u016fm, jin\u00ed nev\u011bnuj\u00ed n\u00e1le\u017eitou pozornost v\u00fdb\u011bru spr\u00e1vn\u00fdch tuk\u016f. V\u00edce informac\u00ed v n\u00e1sleduj\u00edc\u00edch podkapitol\u00e1ch.<\/span><\/p>\n<ul>\n<li><span style=\"font-size: medium;\"><strong><span style=\"font-family: inherit;\"><a href=\"https:\/\/www.olejnadzlato.cz\/?page_id=842\">V\u00fd\u017eivov\u00e1 doporu\u010den\u00ed pro tuky<\/a><\/span><\/strong><\/span><\/li>\n<li><span style=\"font-size: medium;\"><strong><span style=\"font-family: inherit;\"><a href=\"https:\/\/www.olejnadzlato.cz\/?page_id=759\">V\u00fd\u017eivov\u00e1 doporu\u010den\u00ed pro mastn\u00e9 kyseliny<\/a><\/span><\/strong><\/span><\/li>\n<li><span style=\"font-size: medium;\"><a href=\"https:\/\/www.olejnadzlato.cz\/?page_id=768\"><strong><span style=\"font-family: inherit;\">Jak napl\u0148ovat v\u00fd\u017eivov\u00e1 doporu\u010den\u00ed?<\/span><\/strong><\/a><\/span><\/li>\n<li><span style=\"font-size: medium;\"><a href=\"https:\/\/www.olejnadzlato.cz\/?page_id=774\"><strong>Jak zapad\u00e1 \u0159epkov\u00fd olej do v\u00fd\u017eivov\u00fdch doporu\u010den\u00ed?<\/strong><\/a><\/span><\/li>\n<\/ul>\n<p>&nbsp;<\/p>\n<p>[\/et_pb_text][\/et_pb_column][et_pb_column type=&#8220;1_3&#8243; _builder_version=&#8220;4.0.1&#8243;][et_pb_image src=&#8220;https:\/\/www.olejnadzlato.cz\/wp-content\/uploads\/2019\/11\/12556795_xl.jpg&#8220; _builder_version=&#8220;4.0.1&#8243;][\/et_pb_image][\/et_pb_column][\/et_pb_row][\/et_pb_section]<\/p>\n","protected":false},"excerpt":{"rendered":"<p>[et_pb_section fb_built=&#8220;1&#8243; fullwidth=&#8220;on&#8220; _builder_version=&#8220;4.0.1&#8243;][et_pb_fullwidth_image src=&#8220;https:\/\/www.olejnadzlato.cz\/wp-content\/uploads\/2019\/11\/oleje.jpg&#8220; _builder_version=&#8220;4.0.1&#8243;][\/et_pb_fullwidth_image][\/et_pb_section][et_pb_section fb_built=&#8220;1&#8243; _builder_version=&#8220;4.0.1&#8243;][et_pb_row column_structure=&#8220;2_3,1_3&#8243; _builder_version=&#8220;4.0.1&#8243;][et_pb_column type=&#8220;2_3&#8243; _builder_version=&#8220;4.0.1&#8243;][et_pb_text _builder_version=&#8220;4.7.0&#8243; hover_enabled=&#8220;0&#8243; sticky_enabled=&#8220;0&#8243;] Tuky pat\u0159\u00ed mezi kontroverzn\u00ed \u017eiviny. \u0158ada lid\u00ed m\u00e1 tendenci se vyh\u00fdbat tuk\u016fm, jin\u00ed nev\u011bnuj\u00ed n\u00e1le\u017eitou pozornost v\u00fdb\u011bru spr\u00e1vn\u00fdch tuk\u016f. V\u00edce informac\u00ed v n\u00e1sleduj\u00edc\u00edch podkapitol\u00e1ch. V\u00fd\u017eivov\u00e1 doporu\u010den\u00ed pro tuky V\u00fd\u017eivov\u00e1 doporu\u010den\u00ed pro mastn\u00e9 kyseliny Jak napl\u0148ovat v\u00fd\u017eivov\u00e1 doporu\u010den\u00ed? Jak zapad\u00e1 \u0159epkov\u00fd [&hellip;]<\/p>\n","protected":false},"author":1,"featured_media":0,"parent":0,"menu_order":0,"comment_status":"closed","ping_status":"closed","template":"","meta":{"_et_pb_use_builder":"on","_et_pb_old_content":"","_et_gb_content_width":""},"_links":{"self":[{"href":"https:\/\/www.olejnadzlato.cz\/index.php?rest_route=\/wp\/v2\/pages\/980"}],"collection":[{"href":"https:\/\/www.olejnadzlato.cz\/index.php?rest_route=\/wp\/v2\/pages"}],"about":[{"href":"https:\/\/www.olejnadzlato.cz\/index.php?rest_route=\/wp\/v2\/types\/page"}],"author":[{"embeddable":true,"href":"https:\/\/www.olejnadzlato.cz\/index.php?rest_route=\/wp\/v2\/users\/1"}],"replies":[{"embeddable":true,"href":"https:\/\/www.olejnadzlato.cz\/index.php?rest_route=%2Fwp%2Fv2%2Fcomments&post=980"}],"version-history":[{"count":4,"href":"https:\/\/www.olejnadzlato.cz\/index.php?rest_route=\/wp\/v2\/pages\/980\/revisions"}],"predecessor-version":[{"id":1026,"href":"https:\/\/www.olejnadzlato.cz\/index.php?rest_route=\/wp\/v2\/pages\/980\/revisions\/1026"}],"wp:attachment":[{"href":"https:\/\/www.olejnadzlato.cz\/index.php?rest_route=%2Fwp%2Fv2%2Fmedia&parent=980"}],"curies":[{"name":"wp","href":"https:\/\/api.w.org\/{rel}","templated":true}]}}