{"id":831,"date":"2020-11-20T13:54:11","date_gmt":"2020-11-20T12:54:11","guid":{"rendered":"https:\/\/www.olejnadzlato.cz\/?page_id=831"},"modified":"2020-11-20T14:04:49","modified_gmt":"2020-11-20T13:04:49","slug":"repkovy-olej-ve-studene-kuchyni","status":"publish","type":"page","link":"https:\/\/www.olejnadzlato.cz\/?page_id=831","title":{"rendered":"\u0158epkov\u00fd olej ve studen\u00e9 kuchyni"},"content":{"rendered":"\n<h3 class=\"wp-block-heading\">\u0158epkov\u00fd olej ve studen\u00e9 kuchyni<\/h3>\n\n\n\n<p>\u0158epkov\u00fd olej m\u00e1 univerz\u00e1ln\u00ed pou\u017eit\u00ed, hod\u00ed se do studen\u00e9 i tepl\u00e9 kuchyn\u011b. Ve studen\u00e9 kuchyni je t\u0159et\u00edm nejobl\u00edben\u011bj\u0161\u00edm olejem po olivov\u00e9m a slune\u010dnicov\u00e9m oleji, jak ukazuj\u00ed v\u00fdsledky spot\u0159ebitelsk\u00e9ho pr\u016fzkumu, kter\u00fd prob\u011bhl v r\u00e1mci projektu \u201e\u0158epkov\u00fd olej \u2013 olej nad zlato\u201c. Obliba \u0159epkov\u00e9ho oleje mezi lety 2012 a 2015 vzr\u016fstala hlavn\u011b u \u017een v dom\u00e1cnosti ve v\u011bku 25-50 let&nbsp;a senior\u016f ve v\u011bku nad 60 let.<\/p>\n\n\n\n\n\n\n\n<p><em>Z\u00e1klad: V\u0161ichni respondenti, n = 832<\/em><\/p>\n\n\n\n\n\n\n\n<p><em>Z\u00e1klad: V\u0161ichni respondenti, n = 851<\/em><\/p>\n\n\n\n<p style=\"background-color:#8810df\" class=\"has-text-color has-background has-very-light-gray-color\"><strong>\u017deny ve v\u011bku 25-50 let v dom\u00e1cnosti s d\u00edt\u011btem do 15 let<\/strong><\/p>\n\n\n\n<p style=\"background-color:#dfbc10\" class=\"has-text-color has-background has-very-dark-gray-color\"><strong>Osoby ve v\u011bku 30-50 let, samy v dom\u00e1cnosti<\/strong><\/p>\n\n\n\n<p style=\"background-color:#299405\" class=\"has-text-color has-background has-very-light-gray-color\"><strong>Senio\u0159i ve v\u011bku 60 let a v\u00edce<\/strong><\/p>\n\n\n\n<p><\/p>\n\n\n\n<p>D\u00edky p\u0159eva\u017euj\u00edc\u00edmu pod\u00edlu mononenasycen\u00fdch mastn\u00fdch kyselin m\u00e1 \u0159epkov\u00fd olej dobrou stabilitu v\u016f\u010di oxidac\u00edm p\u0159i sma\u017een\u00ed. Je cenov\u011b dostupn\u00fd \u0161irok\u00e9 ve\u0159ejnosti.<\/p>\n\n\n\n<p>Pravideln\u00e1 konzumace \u0159epkov\u00e9ho dod\u00e1v\u00e1 do organismu esenci\u00e1ln\u00ed mastn\u00e9 kyseliny v mno\u017estv\u00ed odpov\u00eddaj\u00edc\u00edm v\u00fd\u017eivov\u00fdm doporu\u010den\u00edm, p\u0159itom p\u0159\u00edjem nasycen\u00fdch mastn\u00fdch kyselin je relativn\u011b n\u00edzk\u00fd.<\/p>\n","protected":false},"excerpt":{"rendered":"<p>\u0158epkov\u00fd olej ve studen\u00e9 kuchyni \u0158epkov\u00fd olej m\u00e1 univerz\u00e1ln\u00ed pou\u017eit\u00ed, hod\u00ed se do studen\u00e9 i tepl\u00e9 kuchyn\u011b. Ve studen\u00e9 kuchyni je t\u0159et\u00edm nejobl\u00edben\u011bj\u0161\u00edm olejem po olivov\u00e9m a slune\u010dnicov\u00e9m oleji, jak ukazuj\u00ed v\u00fdsledky spot\u0159ebitelsk\u00e9ho pr\u016fzkumu, kter\u00fd prob\u011bhl v r\u00e1mci projektu \u201e\u0158epkov\u00fd olej \u2013 olej nad zlato\u201c. Obliba \u0159epkov\u00e9ho oleje mezi lety 2012 a 2015 vzr\u016fstala hlavn\u011b [&hellip;]<\/p>\n","protected":false},"author":1,"featured_media":0,"parent":8,"menu_order":0,"comment_status":"closed","ping_status":"closed","template":"","meta":{"_et_pb_use_builder":"off","_et_pb_old_content":"","_et_gb_content_width":"2880"},"_links":{"self":[{"href":"https:\/\/www.olejnadzlato.cz\/index.php?rest_route=\/wp\/v2\/pages\/831"}],"collection":[{"href":"https:\/\/www.olejnadzlato.cz\/index.php?rest_route=\/wp\/v2\/pages"}],"about":[{"href":"https:\/\/www.olejnadzlato.cz\/index.php?rest_route=\/wp\/v2\/types\/page"}],"author":[{"embeddable":true,"href":"https:\/\/www.olejnadzlato.cz\/index.php?rest_route=\/wp\/v2\/users\/1"}],"replies":[{"embeddable":true,"href":"https:\/\/www.olejnadzlato.cz\/index.php?rest_route=%2Fwp%2Fv2%2Fcomments&post=831"}],"version-history":[{"count":7,"href":"https:\/\/www.olejnadzlato.cz\/index.php?rest_route=\/wp\/v2\/pages\/831\/revisions"}],"predecessor-version":[{"id":838,"href":"https:\/\/www.olejnadzlato.cz\/index.php?rest_route=\/wp\/v2\/pages\/831\/revisions\/838"}],"up":[{"embeddable":true,"href":"https:\/\/www.olejnadzlato.cz\/index.php?rest_route=\/wp\/v2\/pages\/8"}],"wp:attachment":[{"href":"https:\/\/www.olejnadzlato.cz\/index.php?rest_route=%2Fwp%2Fv2%2Fmedia&parent=831"}],"curies":[{"name":"wp","href":"https:\/\/api.w.org\/{rel}","templated":true}]}}