{"id":684,"date":"2020-01-07T11:27:08","date_gmt":"2020-01-07T10:27:08","guid":{"rendered":"https:\/\/www.olejnadzlato.cz\/?page_id=684"},"modified":"2021-06-24T14:45:32","modified_gmt":"2021-06-24T12:45:32","slug":"clanky-s-komentarem","status":"publish","type":"page","link":"https:\/\/www.olejnadzlato.cz\/?page_id=684","title":{"rendered":"\u010cl\u00e1nky s koment\u00e1\u0159em"},"content":{"rendered":"<p>[et_pb_section fb_built=&#8220;1&#8243; _builder_version=&#8220;4.0.1&#8243;][et_pb_row _builder_version=&#8220;4.0.1&#8243;][et_pb_column type=&#8220;4_4&#8243; _builder_version=&#8220;4.0.1&#8243;][et_pb_text _builder_version=&#8220;4.0.1&#8243;]<em>V t\u00e9to sekci najdete \u010dl\u00e1nky, kter\u00e9 pojedn\u00e1vaj\u00ed o \u0159epce nebo \u0159epkov\u00e9m oleji av\u0161ak neobsahuj\u00ed zcela p\u0159esn\u00e9 nebo pravdiv\u00e9 informace. Jsou proto opat\u0159eny odborn\u00fdm koment\u00e1\u0159em, kter\u00fd se sna\u017e\u00ed uv\u00e9st uveden\u00e9 informace na pravou m\u00edru a zamezit tak \u0161\u00ed\u0159en\u00ed desinformac\u00ed.<\/em>[\/et_pb_text][\/et_pb_column][\/et_pb_row][et_pb_row _builder_version=&#8220;4.0.1&#8243;][et_pb_column type=&#8220;4_4&#8243; _builder_version=&#8220;4.0.1&#8243;][et_pb_blog include_categories=&#8220;20&#8243; _builder_version=&#8220;4.7.0&#8243; hover_enabled=&#8220;0&#8243; show_more=&#8220;on&#8220; show_author=&#8220;off&#8220; show_categories=&#8220;off&#8220; sticky_enabled=&#8220;0&#8243;][\/et_pb_blog][\/et_pb_column][\/et_pb_row][\/et_pb_section]<\/p>\n","protected":false},"excerpt":{"rendered":"<p>[et_pb_section fb_built=&#8220;1&#8243; _builder_version=&#8220;4.0.1&#8243;][et_pb_row _builder_version=&#8220;4.0.1&#8243;][et_pb_column type=&#8220;4_4&#8243; _builder_version=&#8220;4.0.1&#8243;][et_pb_text _builder_version=&#8220;4.0.1&#8243;]V t\u00e9to sekci najdete \u010dl\u00e1nky, kter\u00e9 pojedn\u00e1vaj\u00ed o \u0159epce nebo \u0159epkov\u00e9m oleji av\u0161ak neobsahuj\u00ed zcela p\u0159esn\u00e9 nebo pravdiv\u00e9 informace. Jsou proto opat\u0159eny odborn\u00fdm koment\u00e1\u0159em, kter\u00fd se sna\u017e\u00ed uv\u00e9st uveden\u00e9 informace na pravou m\u00edru a zamezit tak \u0161\u00ed\u0159en\u00ed desinformac\u00ed.[\/et_pb_text][\/et_pb_column][\/et_pb_row][et_pb_row _builder_version=&#8220;4.0.1&#8243;][et_pb_column type=&#8220;4_4&#8243; _builder_version=&#8220;4.0.1&#8243;][et_pb_blog include_categories=&#8220;20&#8243; _builder_version=&#8220;4.7.0&#8243; hover_enabled=&#8220;0&#8243; show_more=&#8220;on&#8220; show_author=&#8220;off&#8220; show_categories=&#8220;off&#8220; sticky_enabled=&#8220;0&#8243;][\/et_pb_blog][\/et_pb_column][\/et_pb_row][\/et_pb_section]<\/p>\n","protected":false},"author":1,"featured_media":0,"parent":10,"menu_order":0,"comment_status":"closed","ping_status":"closed","template":"","meta":{"_et_pb_use_builder":"on","_et_pb_old_content":"","_et_gb_content_width":""},"_links":{"self":[{"href":"https:\/\/www.olejnadzlato.cz\/index.php?rest_route=\/wp\/v2\/pages\/684"}],"collection":[{"href":"https:\/\/www.olejnadzlato.cz\/index.php?rest_route=\/wp\/v2\/pages"}],"about":[{"href":"https:\/\/www.olejnadzlato.cz\/index.php?rest_route=\/wp\/v2\/types\/page"}],"author":[{"embeddable":true,"href":"https:\/\/www.olejnadzlato.cz\/index.php?rest_route=\/wp\/v2\/users\/1"}],"replies":[{"embeddable":true,"href":"https:\/\/www.olejnadzlato.cz\/index.php?rest_route=%2Fwp%2Fv2%2Fcomments&post=684"}],"version-history":[{"count":5,"href":"https:\/\/www.olejnadzlato.cz\/index.php?rest_route=\/wp\/v2\/pages\/684\/revisions"}],"predecessor-version":[{"id":968,"href":"https:\/\/www.olejnadzlato.cz\/index.php?rest_route=\/wp\/v2\/pages\/684\/revisions\/968"}],"up":[{"embeddable":true,"href":"https:\/\/www.olejnadzlato.cz\/index.php?rest_route=\/wp\/v2\/pages\/10"}],"wp:attachment":[{"href":"https:\/\/www.olejnadzlato.cz\/index.php?rest_route=%2Fwp%2Fv2%2Fmedia&parent=684"}],"curies":[{"name":"wp","href":"https:\/\/api.w.org\/{rel}","templated":true}]}}