{"id":602,"date":"2019-12-02T09:05:14","date_gmt":"2019-12-02T08:05:14","guid":{"rendered":"https:\/\/www.olejnadzlato.cz\/?page_id=602"},"modified":"2023-12-09T11:22:40","modified_gmt":"2023-12-09T10:22:40","slug":"clanky-z-hluku","status":"publish","type":"page","link":"https:\/\/www.olejnadzlato.cz\/?page_id=602","title":{"rendered":"\u010cl\u00e1nky z HLUKU"},"content":{"rendered":"<p>[et_pb_section fb_built=&#8220;1&#8243; _builder_version=&#8220;4.0.1&#8243;][et_pb_row _builder_version=&#8220;4.0.1&#8243; min_height=&#8220;97px&#8220; custom_padding=&#8220;5px||0px|||&#8220;][et_pb_column type=&#8220;4_4&#8243; _builder_version=&#8220;4.0.1&#8243;][et_pb_text _builder_version=&#8220;4.0.1&#8243;]<\/p>\n<p><em><strong>Svaz p\u011bstitel\u016f a zpracovatel\u016f olejnin po\u0159\u00e1d\u00e1 tradi\u010dn\u011b a ka\u017edoro\u010dn\u011b vyhodnocovac\u00ed semin\u00e1\u0159e Syst\u00e9m v\u00fdroby \u0159epky v Hluku. Akce se \u00fa\u010dastn\u00ed okolo 1000 farm\u00e1\u0159\u016f a odborn\u00edk\u016f zab\u00fdvaj\u00edc\u00ed se p\u011bstov\u00e1n\u00edm a zpracov\u00e1n\u00edm \u0159epky. V roce 2019 se konal ji\u017e 36. ro\u010dn\u00edk. Od roku 2007 je pravideln\u011b za\u0159azov\u00e1no t\u00e9ma, kter\u00e9 se dot\u00fdk\u00e1 v\u00fd\u017eivy. Odborn\u00e9 \u010dl\u00e1nky publikovan\u00e9 ve sborn\u00edc\u00edch z konference jsou nyn\u00ed k dispozici i \u0161ir\u0161\u00ed ve\u0159ejnosti.<\/strong><\/em><\/p>\n<p>[\/et_pb_text][\/et_pb_column][\/et_pb_row][et_pb_row column_structure=&#8220;3_4,1_4&#8243; _builder_version=&#8220;4.0.1&#8243; custom_margin=&#8220;|287px||auto||&#8220; custom_padding=&#8220;5px|||||&#8220;][et_pb_column type=&#8220;3_4&#8243; _builder_version=&#8220;4.0.1&#8243;][et_pb_text _builder_version=&#8220;4.7.0&#8243; hover_enabled=&#8220;0&#8243; sticky_enabled=&#8220;0&#8243;]<\/p>\n<ul>\n<li><span><strong>2007<\/strong> &#8211;\u00a0<\/span><span>\u010cl\u00e1nek se zab\u00fdv\u00e1 vlivem konzumace \u0159epkov\u00e9ho oleje na zdrav\u00ed. Porovn\u00e1v\u00e1 mimo jin\u00e9 \u0159epkov\u00fd olej s jin\u00fdmi druhy olej\u016f a tuk\u016f. &#8211;\u00a0<\/span><span style=\"font-size: 14px;\"><a href=\"https:\/\/www.olejnadzlato.cz\/wp-content\/uploads\/2019\/12\/cl_hluk2007web.pdf\">\u010dt\u011bte cel\u00fd \u010dl\u00e1nek<\/a>\u00a0<\/span><\/li>\n<li><span style=\"font-size: 14px;\"><strong>2008<\/strong> &#8211;\u00a0<\/span><span style=\"font-size: 14px;\">Slo\u017een\u00ed mastn\u00fdch kyselin \u0159epkov\u00e9ho oleje je d\u00e1no odr\u016fdovou variabilitou. Pod\u00edl\u00ed se na n\u011bm i vlivy po\u010das\u00ed a slo\u017een\u00ed p\u016fdy. &#8211;\u00a0<a href=\"https:\/\/www.olejnadzlato.cz\/wp-content\/uploads\/2019\/12\/cl_hluk2008web.pdf\">\u010dt\u011bte cel\u00fd \u010dl\u00e1nek<\/a>\u00a0<\/span><\/li>\n<li><span style=\"font-size: 14px;\"><strong>2009<\/strong> &#8211;\u00a0<\/span><span style=\"font-size: 14px;\">B\u011b\u017en\u00fd spot\u0159ebitel nezn\u00e1 slo\u017een\u00ed mastn\u00fdch kyselin b\u011b\u017en\u011b konzumovan\u00fdch potravin. \u0158epkov\u00fd olej vylep\u0161uje v\u00fd\u017eivovou jejich hodnotu. &#8211;\u00a0<a href=\"https:\/\/www.olejnadzlato.cz\/wp-content\/uploads\/2019\/12\/cl_hluk2009web.pdf\">\u010dt\u011bte cel\u00fd \u010dl\u00e1nek<\/a><\/span><\/li>\n<li><span style=\"font-size: 14px;\"><strong>2010<\/strong> &#8211;\u00a0<\/span><span style=\"font-size: 14px;\">Tuky ve strav\u011b maj\u00ed svoje pozitiva a negativa. \u0158epkov\u00fd olej odpov\u00edd\u00e1 sv\u00fdm slo\u017een\u00edm v\u00fd\u017eivov\u00fdm doporu\u010den\u00edm. &#8211;\u00a0<a href=\"https:\/\/www.olejnadzlato.cz\/wp-content\/uploads\/2019\/12\/cl_hluk2010web.pdf\">\u010dt\u011bte cel\u00fd \u010dl\u00e1nek<\/a><\/span><\/li>\n<li><span style=\"font-size: 14px;\"><strong>2011<\/strong> &#8211;\u00a0<\/span><span style=\"font-size: 14px;\">V roce 2010 byla publikov\u00e1na v\u00fdznamn\u00e1 v\u00fd\u017eivov\u00e1 doporu\u010den\u00ed (WHO, Doporu\u010den\u00ed pro obyvatele USA). \u0158epkov\u00fd olej do nich velmi dob\u0159e zapad\u00e1. \u00a0<a href=\"https:\/\/www.olejnadzlato.cz\/wp-content\/uploads\/2019\/12\/cl_hluk2011web.pdf\">\u010dt\u011bte cel\u00fd \u010dl\u00e1nek<\/a><\/span><\/li>\n<li><span style=\"font-size: 14px;\"><strong>2012<\/strong> &#8211;\u00a0<\/span><span style=\"font-size: 14px;\">Dlouhodob\u011b vysok\u00e1 konzumace nasycen\u00fdch mastn\u00fdch kyselin vede zv\u00fd\u0161en\u00ed hladiny cholesterolu. Z epidemiologick\u00fdch studi\u00ed vypl\u00fdv\u00e1 i souvislost s vy\u0161\u0161\u00ed mortalitou na kardiovaskul\u00e1rn\u00ed onemocn\u011bn\u00ed. <a href=\"https:\/\/www.olejnadzlato.cz\/wp-content\/uploads\/2019\/12\/cl_hluk2012web2.pdf\">\u010dt\u011bte cel\u00fd \u010dl\u00e1nek<\/a><\/span><\/li>\n<li><span style=\"font-size: 14px;\"><strong>2013<\/strong> &#8211;\u00a0<\/span><span style=\"font-size: 14px;\">B\u011b\u017en\u00fd spot\u0159ebitel nezn\u00e1 p\u0159ednosti \u0159epkov\u00e9ho oleje z hlediska v\u00fd\u017eivy. Projekt \u201e\u0158epkov\u00fd olej \u2013 olej nad zlato\u201c se bude sna\u017eit vn\u00edm\u00e1n\u00ed \u0159epkov\u00e9ho oleje zlep\u0161it. \u00a0<a href=\"https:\/\/www.olejnadzlato.cz\/wp-content\/uploads\/2019\/12\/cl_hluk2013web.pdf\">\u010dt\u011bte cel\u00fd \u010dl\u00e1nek<\/a><\/span><\/li>\n<li><span style=\"font-size: 14px;\"><strong>2014<\/strong> \u00a0<\/span><span style=\"font-size: 14px;\">\u0158epkov\u00fd olej byl testov\u00e1n v \u0159ad\u011b klinick\u00fdch studi\u00ed, kter\u00e9 prok\u00e1zaly jeho zdravotn\u00ed prosp\u011b\u0161nost. V USA bylo schv\u00e1lenou zdravotn\u00ed tvrzen\u00ed t\u00fdkaj\u00edc\u00ed se \u0159epkov\u00e9ho oleje.\u00a0<a href=\"https:\/\/www.olejnadzlato.cz\/wp-content\/uploads\/2019\/12\/cl_hluk2014web.pdf\">\u010dt\u011bte cel\u00fd \u010dl\u00e1nek<\/a><\/span><\/li>\n<li><span style=\"font-size: 14px;\"><strong>2015<\/strong> \u00a0<\/span><span style=\"font-size: 14px;\">Projekt \u201e\u0158epkov\u00fd olej \u2013 olej nad zlato\u201c zlep\u0161il vn\u00edm\u00e1n\u00ed \u0159epkov\u00e9ho oleje u spot\u0159ebitel\u016f. \u0158ada probl\u00e9m\u016f v\u0161ak st\u00e1le p\u0159etrv\u00e1v\u00e1.\u00a0<a href=\"https:\/\/www.olejnadzlato.cz\/wp-content\/uploads\/2019\/12\/cl_hluk2015web.pdf\">\u010dt\u011bte cel\u00fd \u010dl\u00e1nek<\/a><\/span><\/li>\n<li><span style=\"font-size: 14px;\"><strong>2016<\/strong> &#8211;\u00a0<\/span><span style=\"font-size: 14px;\">B\u011b\u017en\u00fd spot\u0159ebitel vn\u00edm\u00e1 \u0159epkov\u00fd olej h\u016f\u0159e ne\u017e jin\u00e9 oleje a tuky, ani\u017e by k tomu byl z podstaty jeho slo\u017een\u00ed d\u016fvod. Ohledn\u011b \u0159epkov\u00e9ho oleje lze pou\u017e\u00edt \u0159adu schv\u00e1len\u00fdch v\u00fd\u017eivov\u00fdch a zdravotn\u00edch tvrzen\u00ed.\u00a0<a href=\"https:\/\/www.olejnadzlato.cz\/wp-content\/uploads\/2019\/12\/cl_hluk2016web.pdf\">\u010dt\u011bte cel\u00fd \u010dl\u00e1nek<\/a><\/span><\/li>\n<li><span style=\"font-size: 14px;\"><strong>2017<\/strong> &#8211;\u00a0<\/span><span style=\"font-size: 14px;\">Oblast v\u00fd\u017eivy a udr\u017eitelnost produkce zem\u011bd\u011blsk\u00fdch komodit se v posledn\u00ed dob\u011b st\u00e1le v\u00edce prol\u00edn\u00e1. \u0158epkov\u00fd olej m\u00e1 jednozna\u010dn\u00fd p\u0159\u00ednos z hlediska v\u00fd\u017eivy, p\u011bstov\u00e1n\u00ed \u0159epky ve vztahu k \u017eivotn\u00edmu prost\u0159ed\u00ed m\u00e1 svoje rezervy.\u00a0<a href=\"https:\/\/www.olejnadzlato.cz\/wp-content\/uploads\/2019\/12\/cl_hluk2017web.pdf\">\u010dt\u011bte cel\u00fd \u010dl\u00e1nek<\/a><\/span><\/li>\n<li><span style=\"font-size: 14px;\"><strong>2018<\/strong> &#8211;\u00a0<\/span><span style=\"font-size: 14px;\">Na internetu se objevuj\u00ed r\u016fzn\u00e9 nepodlo\u017een\u00e9 informace ohledn\u011b vlivu konzumace tuk\u016f na zdrav\u00ed. V \u010dl\u00e1nku je p\u0159ehled v\u00fdtahu z v\u00fd\u017eivov\u00fdch doporu\u010den\u00ed renomovan\u00fdch nevl\u00e1dn\u00edch organizac\u00ed \u010di st\u00e1tn\u00edch autorit ohledn\u011b tuk\u016f s doslovn\u00fdmi citacemi.\u00a0<a href=\"https:\/\/www.olejnadzlato.cz\/wp-content\/uploads\/2019\/12\/cl_hluk2018web.pdf\">\u010dt\u011bte cel\u00fd \u010dl\u00e1nek\u00a0<\/a><\/span><\/li>\n<li><span style=\"font-size: 14px;\"><span style=\"font-size: 14px;\"><span><strong>2019<\/strong> &#8211;\u00a0<\/span><\/span><\/span><span style=\"font-size: 14px;\">M\u00fdt\u016fm je v\u011bnov\u00e1na samostatn\u00e1 sekce na webu. \u010cl\u00e1nek se v\u011bnuje podrobn\u011bji n\u011bkter\u00fdm m\u00fdt\u016fm sovisej\u00edc\u00edm s konzumac\u00ed \u0159epkov\u00e9ho oleje. <a href=\"https:\/\/www.olejnadzlato.cz\/wp-content\/uploads\/2019\/12\/cl_hluk2019web.pdf\">\u010dt\u011bte cel\u00fd \u010dl\u00e1nek<\/a><\/span><span style=\"font-size: 14px;\"><\/span><\/li>\n<li><span style=\"font-size: 14px;\"><span><strong>2020<\/strong> &#8211;\u00a0Omega 3 mastn\u00e9 kyseliny jsou v\u00a0medi\u00edch velmi popul\u00e1rn\u00ed, nicm\u00e9n\u011b spot\u0159ebitel ne v\u017edy dost\u00e1v\u00e1 spr\u00e1vn\u00e9 informace, v\u00a0kter\u00fdch potravin\u00e1ch a v\u00a0jak\u00e9m mno\u017estv\u00ed se omega 3 mastn\u00e9 kyseliny nach\u00e1zej\u00ed. \u010cl\u00e1nek prezentuje p\u016flro\u010dn\u00ed anal\u00fdzu plnou m\u00fdt\u016f, kde lze podle medi\u00ed z\u00edsk\u00e1vat omega 3 mastn\u00e9 kyseliny<\/span><span>. <a href=\"https:\/\/www.olejnadzlato.cz\/wp-content\/uploads\/2020\/11\/cl_webhluk2020.pdf\">\u010dt\u011bte cel\u00fd \u010dl\u00e1nek<\/a><\/span><\/span><\/li>\n<li><span style=\"font-size: 14px;\"><span><strong>2021<\/strong> &#8211; Tuky v potravinov\u00fdch pyramid\u00e1ch a tal\u00ed\u0159\u00edch. <a href=\"https:\/\/www.olejnadzlato.cz\/wp-content\/uploads\/2022\/09\/Sbornik-SPZO-2021-pyramidy.pdf\">\u010dt\u011bte cel\u00fd \u010dl\u00e1nek<\/a><\/span><\/span><\/li>\n<li><span style=\"font-size: 14px;\"><span><strong>2021<\/strong> &#8211; Sout\u011b\u017e &#8220; O nutri\u010dn\u011b nejkvalitn\u011bj\u0161\u00ed \u0159epku&#8220; <a href=\"https:\/\/www.olejnadzlato.cz\/wp-content\/uploads\/2022\/09\/Sbornik-SPZO-2021_korinek.pdf\">\u010dt\u011bte cel\u00fd \u010dl\u00e1nek<\/a><\/span><\/span><\/li>\n<li><span style=\"font-size: 14px;\"><span style=\"font-size: 14px;\"><span><strong>2022<\/strong> &#8211; Vyznejte se v tuc\u00edch a olej\u00edch\u00a0<a href=\"https:\/\/www.olejnadzlato.cz\/wp-content\/uploads\/2022\/11\/SbornikHluk2022_vyznejtesevtucich.pdf\">\u010dt\u011bte cel\u00fd \u010dl\u00e1nek<\/a><span style=\"font-size: 16px;\"><\/span><\/span><\/span><\/span><\/li>\n<li><span style=\"font-size: 14px;\"><span style=\"font-size: 14px;\"><span><span style=\"font-size: 16px;\"><\/span><\/span><\/span><\/span><strong>2022<\/strong> &#8211;\u00a0Sout\u011b\u017e &#8220; O nutri\u010dn\u011b nejkvalitn\u011bj\u0161\u00ed \u0159epku&#8220;\u00a0<span><a href=\"https:\/\/www.olejnadzlato.cz\/wp-content\/uploads\/2022\/11\/SbornikHluk2022_korinek.pdf\">\u010dt\u011bte cel\u00fd \u010dl\u00e1nek<\/a><\/span><\/li>\n<li><span><strong>2023<\/strong> &#8211;\u00a0Sout\u011b\u017e &#8220; O nutri\u010dn\u011b nejkvalitn\u011bj\u0161\u00ed \u0159epku&#8220;\u00a0<a href=\"https:\/\/www.olejnadzlato.cz\/wp-content\/uploads\/2023\/12\/cl_Brat_Sbornik-Hluk_2023_korinek.pdf\">\u010dt\u011bte cel\u00fd \u010dl\u00e1nek<\/a><\/span><\/li>\n<li><span><strong>2023<\/strong> &#8211; Podpora informovanosti o kvalit\u00e1ch olej\u016f a tuk\u016f <a href=\"https:\/\/www.olejnadzlato.cz\/wp-content\/uploads\/2023\/12\/PODPORA-INFORMOVANOSTI-O-KVALITACH-OLEJU-A-TUKU.pdf\">\u010dt\u011bte cel\u00fd \u010dl\u00e1nek<\/a><\/span><\/li>\n<\/ul>\n<p>[\/et_pb_text][\/et_pb_column][et_pb_column type=&#8220;1_4&#8243; _builder_version=&#8220;4.0.1&#8243;][\/et_pb_column][\/et_pb_row][\/et_pb_section]<\/p>\n","protected":false},"excerpt":{"rendered":"<p>[et_pb_section fb_built=&#8220;1&#8243; _builder_version=&#8220;4.0.1&#8243;][et_pb_row _builder_version=&#8220;4.0.1&#8243; min_height=&#8220;97px&#8220; custom_padding=&#8220;5px||0px|||&#8220;][et_pb_column type=&#8220;4_4&#8243; _builder_version=&#8220;4.0.1&#8243;][et_pb_text _builder_version=&#8220;4.0.1&#8243;] Svaz p\u011bstitel\u016f a zpracovatel\u016f olejnin po\u0159\u00e1d\u00e1 tradi\u010dn\u011b a ka\u017edoro\u010dn\u011b vyhodnocovac\u00ed semin\u00e1\u0159e Syst\u00e9m v\u00fdroby \u0159epky v Hluku. Akce se \u00fa\u010dastn\u00ed okolo 1000 farm\u00e1\u0159\u016f a odborn\u00edk\u016f zab\u00fdvaj\u00edc\u00ed se p\u011bstov\u00e1n\u00edm a zpracov\u00e1n\u00edm \u0159epky. V roce 2019 se konal ji\u017e 36. ro\u010dn\u00edk. Od roku 2007 je pravideln\u011b za\u0159azov\u00e1no t\u00e9ma, kter\u00e9 [&hellip;]<\/p>\n","protected":false},"author":1,"featured_media":0,"parent":10,"menu_order":0,"comment_status":"closed","ping_status":"closed","template":"","meta":{"_et_pb_use_builder":"on","_et_pb_old_content":"","_et_gb_content_width":""},"_links":{"self":[{"href":"https:\/\/www.olejnadzlato.cz\/index.php?rest_route=\/wp\/v2\/pages\/602"}],"collection":[{"href":"https:\/\/www.olejnadzlato.cz\/index.php?rest_route=\/wp\/v2\/pages"}],"about":[{"href":"https:\/\/www.olejnadzlato.cz\/index.php?rest_route=\/wp\/v2\/types\/page"}],"author":[{"embeddable":true,"href":"https:\/\/www.olejnadzlato.cz\/index.php?rest_route=\/wp\/v2\/users\/1"}],"replies":[{"embeddable":true,"href":"https:\/\/www.olejnadzlato.cz\/index.php?rest_route=%2Fwp%2Fv2%2Fcomments&post=602"}],"version-history":[{"count":16,"href":"https:\/\/www.olejnadzlato.cz\/index.php?rest_route=\/wp\/v2\/pages\/602\/revisions"}],"predecessor-version":[{"id":1239,"href":"https:\/\/www.olejnadzlato.cz\/index.php?rest_route=\/wp\/v2\/pages\/602\/revisions\/1239"}],"up":[{"embeddable":true,"href":"https:\/\/www.olejnadzlato.cz\/index.php?rest_route=\/wp\/v2\/pages\/10"}],"wp:attachment":[{"href":"https:\/\/www.olejnadzlato.cz\/index.php?rest_route=%2Fwp%2Fv2%2Fmedia&parent=602"}],"curies":[{"name":"wp","href":"https:\/\/api.w.org\/{rel}","templated":true}]}}