{"id":26,"date":"2019-11-20T17:39:28","date_gmt":"2019-11-20T16:39:28","guid":{"rendered":"https:\/\/www.olejnadzlato.cz\/?page_id=26"},"modified":"2024-06-07T10:05:32","modified_gmt":"2024-06-07T08:05:32","slug":"uvodni","status":"publish","type":"page","link":"https:\/\/www.olejnadzlato.cz\/","title":{"rendered":"uvodni"},"content":{"rendered":"<p>[et_pb_section fb_built=&#8220;1&#8243; fullwidth=&#8220;on&#8220; _builder_version=&#8220;4.0.1&#8243;][et_pb_fullwidth_slider _builder_version=&#8220;4.7.0&#8243; custom_padding=&#8220;113px||140px|||&#8220; animation_style=&#8220;fade&#8220; auto=&#8220;on&#8220;][et_pb_slide button_text=&#8220;\u010c\u00edst d\u00e1le&#8220; button_link=&#8220;https:\/\/mytyoolejich.cz&#8220; image=&#8220;https:\/\/www.olejnadzlato.cz\/wp-content\/uploads\/2019\/11\/myty.png&#8220; use_bg_overlay=&#8220;off&#8220; use_text_overlay=&#8220;on&#8220; text_overlay_color=&#8220;rgba(12,113,195,0.71)&#8220; text_border_radius=&#8220;26px&#8220; image_tablet=&#8220;&#8220; image_phone=&#8220;&#8220; image_last_edited=&#8220;on|desktop&#8220; _builder_version=&#8220;4.7.0&#8243; body_font=&#8220;||||||||&#8220; background_image=&#8220;https:\/\/www.olejnadzlato.cz\/wp-content\/uploads\/2019\/11\/pole.jpg&#8220; background_enable_image=&#8220;on&#8220; custom_button=&#8220;on&#8220; button_bg_color=&#8220;rgba(12,113,195,0.79)&#8220; button_border_radius=&#8220;31px&#8220; button_alignment=&#8220;right&#8220; box_shadow_style_button=&#8220;preset2&#8243; image__hover_enabled=&#8220;on|desktop&#8220; sticky_transition=&#8220;on&#8220;]<\/p>\n<p>V\u00a0m\u00e9di\u00edch se \u010dasto objevuj\u00ed informace o\u00a0\u201e\u017elut\u00e9m zlu\u201c, kter\u00e9 zvy\u0161uje erozi p\u016fdy a\u00a0vy\u010derp\u00e1v\u00e1 osevn\u00ed postupy, zab\u00edj\u00ed srn\u010d\u00ed zv\u011b\u0159, hub\u00ed v\u010dely a\u00a0tr\u00e1p\u00ed osoby alergick\u00e9 na pyl. \u0158epkov\u00fd olej b\u00fdv\u00e1 pova\u017eov\u00e1n za nep\u0159\u00edli\u0161 vhodn\u00fd pro lidskou v\u00fd\u017eivu s\u00a0t\u00edm, \u017ee se hod\u00ed sp\u00ed\u0161e do motor\u016f, kter\u00e9 ov\u0161em po\u0161kozuje.<br \/> <strong>A jak je to doopravdy?<\/strong><\/p>\n<p>[\/et_pb_slide][et_pb_slide heading=&#8220; &#8220; button_text=&#8220;O oleji&#8220; button_link=&#8220;@ET-DC@eyJkeW5hbWljIjp0cnVlLCJjb250ZW50IjoicG9zdF9saW5rX3VybF9wYWdlIiwic2V0dGluZ3MiOnsicG9zdF9pZCI6IjgifX0=@&#8220; image=&#8220;https:\/\/www.olejnadzlato.cz\/wp-content\/uploads\/2019\/11\/olej-nad-zlato-logo-final-lezate-f.png&#8220; use_bg_overlay=&#8220;off&#8220; use_text_overlay=&#8220;off&#8220; image_tablet=&#8220;&#8220; image_phone=&#8220;&#8220; image_last_edited=&#8220;on|desktop&#8220; _builder_version=&#8220;4.0.1&#8243; _dynamic_attributes=&#8220;button_link&#8220; header_level=&#8220;h2&#8243; header_font=&#8220;|700|||||||&#8220; body_font=&#8220;||||||||&#8220; background_image=&#8220;https:\/\/www.olejnadzlato.cz\/wp-content\/uploads\/2019\/11\/ruce.jpg&#8220; background_enable_image=&#8220;on&#8220; custom_button=&#8220;on&#8220; button_bg_color=&#8220;#178916&#8243; button_border_radius=&#8220;31px&#8220; button_alignment=&#8220;left&#8220; header_text_shadow_style=&#8220;preset5&#8243; box_shadow_style_button=&#8220;preset2&#8243; text_shadow_style=&#8220;preset2&#8243; image__hover_enabled=&#8220;on|desktop&#8220; sticky_transition=&#8220;on&#8220;][\/et_pb_slide][et_pb_slide button_text=&#8220;Seznam recept\u016f&#8220; button_link=&#8220;@ET-DC@eyJkeW5hbWljIjp0cnVlLCJjb250ZW50IjoicG9zdF9saW5rX3VybF9wYWdlIiwic2V0dGluZ3MiOnsicG9zdF9pZCI6IjE0In19@&#8220; image=&#8220;https:\/\/www.olejnadzlato.cz\/wp-content\/uploads\/2019\/11\/kolinko.png&#8220; use_bg_overlay=&#8220;off&#8220; use_text_overlay=&#8220;off&#8220; image_tablet=&#8220;&#8220; image_phone=&#8220;&#8220; image_last_edited=&#8220;on|desktop&#8220; _builder_version=&#8220;4.0.1&#8243; _dynamic_attributes=&#8220;button_link&#8220; header_level=&#8220;h2&#8243; header_font=&#8220;|700|||||||&#8220; body_font=&#8220;||||||||&#8220; background_image=&#8220;https:\/\/www.olejnadzlato.cz\/wp-content\/uploads\/2019\/11\/recepty-scaled.jpg&#8220; background_enable_image=&#8220;on&#8220; custom_button=&#8220;on&#8220; button_bg_color=&#8220;#178916&#8243; button_border_radius=&#8220;31px&#8220; button_alignment=&#8220;left&#8220; header_text_shadow_style=&#8220;preset5&#8243; box_shadow_style_button=&#8220;preset2&#8243; text_shadow_style=&#8220;preset2&#8243; image__hover_enabled=&#8220;on|desktop&#8220; sticky_transition=&#8220;on&#8220;][\/et_pb_slide][\/et_pb_fullwidth_slider][\/et_pb_section][et_pb_section fb_built=&#8220;1&#8243; _builder_version=&#8220;4.0.1&#8243; custom_padding=&#8220;3px|||||&#8220;][et_pb_row _builder_version=&#8220;4.0.1&#8243;][et_pb_column type=&#8220;4_4&#8243; _builder_version=&#8220;4.0.1&#8243;][et_pb_text _builder_version=&#8220;4.0.1&#8243; text_font_size=&#8220;18px&#8220; custom_margin=&#8220;||-5px|||&#8220; custom_padding=&#8220;||0px|||&#8220;]<\/p>\n<p style=\"text-align: center;\"><strong>V \u010cesk\u00e9 republice m\u00e1me vysok\u00fd p\u0159\u00edjem nasycen\u00fdch mastn\u00fdch kyselin a obecn\u011b nedostatkov\u00fd p\u0159\u00edjem omega 3 mastn\u00fdch kyselin. P\u0159\u00edjem esenci\u00e1ln\u00edch omega 6 mastn\u00fdch kyselin se pohybuje v intervalu doporu\u010dovan\u00fdch hodnot. Konzumaci nasycen\u00fdch mastn\u00fdch kyselin je t\u0159eba sn\u00ed\u017eit, omega 3 mastn\u00fdch kyselin zv\u00fd\u0161it a omega 6 mastn\u00fdch kyselin udr\u017eet. \u0158epkov\u00fd olej z b\u011b\u017en\u011b konzumovan\u00fdch olej\u016f a tuk\u016f se nejl\u00e9pe hod\u00ed do kuchyn\u011b ka\u017ed\u00e9ho \u010cecha.<\/strong><\/p>\n<p>[\/et_pb_text][\/et_pb_column][\/et_pb_row][et_pb_row column_structure=&#8220;1_5,1_5,1_5,1_5,1_5&#8243; _builder_version=&#8220;4.0.1&#8243; custom_padding=&#8220;5px|||||&#8220;][et_pb_column type=&#8220;1_5&#8243; _builder_version=&#8220;4.0.1&#8243;][et_pb_circle_counter title=&#8220;Trans-mastn\u00e9 kyseliny&#8220; number=&#8220;1&#8243; bar_bg_color=&#8220;#178916&#8243; _builder_version=&#8220;4.0.1&#8243; number_text_color=&#8220;#178916&#8243;][\/et_pb_circle_counter][\/et_pb_column][et_pb_column type=&#8220;1_5&#8243; _builder_version=&#8220;4.0.1&#8243;][et_pb_circle_counter title=&#8220;Nasycen\u00e9 mastn\u00e9 kyseliny&#8220; number=&#8220;8&#8243; bar_bg_color=&#8220;#178916&#8243; _builder_version=&#8220;4.0.1&#8243; number_text_color=&#8220;#178916&#8243;][\/et_pb_circle_counter][\/et_pb_column][et_pb_column type=&#8220;1_5&#8243; _builder_version=&#8220;4.0.1&#8243;][et_pb_circle_counter title=&#8220;Mononenasycen\u00e9 mastn\u00e9 kyseliny&#8220; number=&#8220;61&#8243; bar_bg_color=&#8220;#178916&#8243; _builder_version=&#8220;4.0.1&#8243; number_text_color=&#8220;#178916&#8243;][\/et_pb_circle_counter][\/et_pb_column][et_pb_column type=&#8220;1_5&#8243; _builder_version=&#8220;4.0.1&#8243;][et_pb_circle_counter title=&#8220;Omega 6 polynenasycen\u00e9 mastn\u00e9 kyseliny&#8220; number=&#8220;20&#8243; bar_bg_color=&#8220;#178916&#8243; _builder_version=&#8220;4.0.1&#8243; number_text_color=&#8220;#178916&#8243;][\/et_pb_circle_counter][\/et_pb_column][et_pb_column type=&#8220;1_5&#8243; _builder_version=&#8220;4.0.1&#8243;][et_pb_circle_counter title=&#8220;Omega 3 polynenasycen\u00e9 mastn\u00e9 kyseliny&#8220; number=&#8220;10&#8243; bar_bg_color=&#8220;#178916&#8243; _builder_version=&#8220;4.0.1&#8243; number_text_color=&#8220;#178916&#8243;][\/et_pb_circle_counter][\/et_pb_column][\/et_pb_row][et_pb_row _builder_version=&#8220;4.0.1&#8243;][et_pb_column type=&#8220;4_4&#8243; _builder_version=&#8220;4.0.1&#8243;][et_pb_text _builder_version=&#8220;4.0.1&#8243;]<\/p>\n<p style=\"text-align: center;\"><span><strong>\u0158epkov\u00fd olej<\/strong> m\u00e1 z b\u011b\u017en\u011b konzumovan\u00fdch olej\u016f a tuk\u016f nejni\u017e\u0161\u00ed pod\u00edl nasycen\u00fdch mastn\u00fdch kyselin,\u00a0 m\u00e1 vysok\u00fd obsah omega 3 mastn\u00fdch kyselin a jeho konzumace udr\u017euje po\u017eadovan\u00fd p\u0159\u00edjem omega 6 mastn\u00fdch kyselin.\u00a0<\/span><span style=\"font-size: 14px;\"><strong>Slune\u010dnicov\u00fd olej<\/strong> zvy\u0161uje p\u0159\u00edjem omega 6 mastn\u00fdch kyselin, omega 3 mastn\u00e9 kyseliny neposkytuje.\u00a0<\/span><span style=\"font-size: 14px;\"><strong>Olivov\u00fd olej<\/strong> neposkytuje omega 3 mastn\u00e9 kyseliny, p\u0159isp\u00edv\u00e1 k udr\u017een\u00ed p\u0159\u00edjmu omega 6 mastn\u00fdch kyselin.\u00a0<\/span><span style=\"font-size: 14px;\"><strong>M\u00e1slo<\/strong> m\u00e1 velk\u00fd p\u0159ebytek nasycen\u00fdch mastn\u00fdch kyselin, omega 3 a 6 mastn\u00e9 kyseliny prakticky neposkytuje.\u00a0<\/span><span style=\"font-size: 14px;\"><strong>S\u00e1dlo<\/strong> m\u00e1 vy\u0161\u0161\u00ed pod\u00edl nasycen\u00fdch mastn\u00fdch kyselin, p\u0159isp\u00edv\u00e1 k udr\u017een\u00ed omega 6 mastn\u00fdch kyselin a omega 3 mastn\u00e9 kyseliny neposkytuje.<\/span><\/p>\n<p>[\/et_pb_text][\/et_pb_column][\/et_pb_row][et_pb_row column_structure=&#8220;1_5,1_5,1_5,1_5,1_5&#8243; _builder_version=&#8220;4.0.1&#8243; custom_padding=&#8220;4px|||||&#8220;][et_pb_column type=&#8220;1_5&#8243; _builder_version=&#8220;4.0.1&#8243;][et_pb_text _builder_version=&#8220;4.0.1&#8243;]<\/p>\n<p style=\"text-align: center;\"><strong>Trans-<br \/><\/strong><strong>mastn\u00e9 kyseliny<\/strong><\/p>\n<p>[\/et_pb_text][et_pb_counters _builder_version=&#8220;4.0.1&#8243;][et_pb_counter percent=&#8220;1&#8243; _builder_version=&#8220;4.0.1&#8243; background_enable_color_default=&#8220;on&#8220; parallax_default=&#8220;off&#8220; parallax_method_default=&#8220;on&#8220; bar_background_color_default=&#8220;#7EBEC5&#8243; use_percentages=&#8220;on&#8220; allow_player_pause_default=&#8220;off&#8220;]\u0158epkov\u00fd olej[\/et_pb_counter][et_pb_counter percent=&#8220;1&#8243; _builder_version=&#8220;4.0.1&#8243; background_enable_color_default=&#8220;on&#8220; parallax_default=&#8220;off&#8220; parallax_method_default=&#8220;on&#8220; bar_background_color_default=&#8220;#7EBEC5&#8243; use_percentages=&#8220;on&#8220; allow_player_pause_default=&#8220;off&#8220;]Slune\u010dnicov\u00fd olej[\/et_pb_counter][et_pb_counter _builder_version=&#8220;4.0.1&#8243; background_enable_color_default=&#8220;on&#8220; parallax_default=&#8220;off&#8220; parallax_method_default=&#8220;on&#8220; bar_background_color_default=&#8220;#7EBEC5&#8243; use_percentages=&#8220;on&#8220; allow_player_pause_default=&#8220;off&#8220;]Olivov\u00fd olej[\/et_pb_counter][et_pb_counter _builder_version=&#8220;4.0.1&#8243; background_enable_color_default=&#8220;on&#8220; parallax_default=&#8220;off&#8220; parallax_method_default=&#8220;on&#8220; bar_background_color_default=&#8220;#7EBEC5&#8243; use_percentages=&#8220;on&#8220; allow_player_pause_default=&#8220;off&#8220;]S\u00e1dlo[\/et_pb_counter][et_pb_counter percent=&#8220;2,5&#8243; _builder_version=&#8220;4.0.1&#8243; background_enable_color_default=&#8220;on&#8220; parallax_default=&#8220;off&#8220; parallax_method_default=&#8220;on&#8220; bar_background_color_default=&#8220;#7EBEC5&#8243; use_percentages=&#8220;on&#8220; allow_player_pause_default=&#8220;off&#8220;]Ml\u00e9\u010dn\u00fd tuk[\/et_pb_counter][\/et_pb_counters][\/et_pb_column][et_pb_column type=&#8220;1_5&#8243; _builder_version=&#8220;4.0.1&#8243;][et_pb_text _builder_version=&#8220;4.0.1&#8243;]<\/p>\n<p style=\"text-align: center;\"><strong>Nasycen\u00e9<br \/> mastn\u00e9 kyseliny<\/strong><\/p>\n<p>[\/et_pb_text][et_pb_counters _builder_version=&#8220;4.0.1&#8243;][et_pb_counter percent=&#8220;8&#8243; _builder_version=&#8220;4.0.1&#8243; background_enable_color_default=&#8220;on&#8220; parallax_default=&#8220;off&#8220; parallax_method_default=&#8220;on&#8220; bar_background_color_default=&#8220;#7EBEC5&#8243; use_percentages=&#8220;on&#8220; allow_player_pause_default=&#8220;off&#8220;]\u0158epkov\u00fd olej[\/et_pb_counter][et_pb_counter percent=&#8220;12&#8243; _builder_version=&#8220;4.0.1&#8243; background_enable_color_default=&#8220;on&#8220; parallax_default=&#8220;off&#8220; parallax_method_default=&#8220;on&#8220; bar_background_color_default=&#8220;#7EBEC5&#8243; use_percentages=&#8220;on&#8220; allow_player_pause_default=&#8220;off&#8220;]Slune\u010dnicov\u00fd olej[\/et_pb_counter][et_pb_counter percent=&#8220;15&#8243; _builder_version=&#8220;4.0.1&#8243; background_enable_color_default=&#8220;on&#8220; parallax_default=&#8220;off&#8220; parallax_method_default=&#8220;on&#8220; bar_background_color_default=&#8220;#7EBEC5&#8243; use_percentages=&#8220;on&#8220; allow_player_pause_default=&#8220;off&#8220;]Olivov\u00fd olej[\/et_pb_counter][et_pb_counter percent=&#8220;42&#8243; _builder_version=&#8220;4.0.1&#8243; background_enable_color_default=&#8220;on&#8220; parallax_default=&#8220;off&#8220; parallax_method_default=&#8220;on&#8220; bar_background_color_default=&#8220;#7EBEC5&#8243; use_percentages=&#8220;on&#8220; allow_player_pause_default=&#8220;off&#8220;]S\u00e1dlo[\/et_pb_counter][et_pb_counter percent=&#8220;67,5&#8243; _builder_version=&#8220;4.0.1&#8243; background_enable_color_default=&#8220;on&#8220; parallax_default=&#8220;off&#8220; parallax_method_default=&#8220;on&#8220; bar_background_color_default=&#8220;#7EBEC5&#8243; use_percentages=&#8220;on&#8220; allow_player_pause_default=&#8220;off&#8220;]Ml\u00e9\u010dn\u00fd tuk[\/et_pb_counter][\/et_pb_counters][\/et_pb_column][et_pb_column type=&#8220;1_5&#8243; _builder_version=&#8220;4.0.1&#8243;][et_pb_text _builder_version=&#8220;4.0.1&#8243;]<\/p>\n<p style=\"text-align: center;\"><strong>Mononenasycen\u00e9<br \/> mastn\u00e9 kyseliny<\/strong><\/p>\n<p>[\/et_pb_text][et_pb_counters _builder_version=&#8220;4.0.1&#8243;][et_pb_counter percent=&#8220;61&#8243; _builder_version=&#8220;4.0.1&#8243; background_enable_color_default=&#8220;on&#8220; parallax_default=&#8220;off&#8220; parallax_method_default=&#8220;on&#8220; bar_background_color_default=&#8220;#7EBEC5&#8243; use_percentages=&#8220;on&#8220; allow_player_pause_default=&#8220;off&#8220;]\u0158epkov\u00fd olej[\/et_pb_counter][et_pb_counter percent=&#8220;25,5&#8243; _builder_version=&#8220;4.0.1&#8243; background_enable_color_default=&#8220;on&#8220; parallax_default=&#8220;off&#8220; parallax_method_default=&#8220;on&#8220; bar_background_color_default=&#8220;#7EBEC5&#8243; use_percentages=&#8220;on&#8220; allow_player_pause_default=&#8220;off&#8220;]Slune\u010dnicov\u00fd olej[\/et_pb_counter][et_pb_counter percent=&#8220;75&#8243; _builder_version=&#8220;4.0.1&#8243; background_enable_color_default=&#8220;on&#8220; parallax_default=&#8220;off&#8220; parallax_method_default=&#8220;on&#8220; bar_background_color_default=&#8220;#7EBEC5&#8243; use_percentages=&#8220;on&#8220; allow_player_pause_default=&#8220;off&#8220;]Olivov\u00fd olej[\/et_pb_counter][et_pb_counter percent=&#8220;48&#8243; _builder_version=&#8220;4.0.1&#8243; background_enable_color_default=&#8220;on&#8220; parallax_default=&#8220;off&#8220; parallax_method_default=&#8220;on&#8220; bar_background_color_default=&#8220;#7EBEC5&#8243; use_percentages=&#8220;on&#8220; allow_player_pause_default=&#8220;off&#8220;]S\u00e1dlo[\/et_pb_counter][et_pb_counter percent=&#8220;28&#8243; _builder_version=&#8220;4.0.1&#8243; background_enable_color_default=&#8220;on&#8220; parallax_default=&#8220;off&#8220; parallax_method_default=&#8220;on&#8220; bar_background_color_default=&#8220;#7EBEC5&#8243; use_percentages=&#8220;on&#8220; allow_player_pause_default=&#8220;off&#8220;]Ml\u00e9\u010dn\u00fd tuk[\/et_pb_counter][\/et_pb_counters][\/et_pb_column][et_pb_column type=&#8220;1_5&#8243; _builder_version=&#8220;4.0.1&#8243;][et_pb_text _builder_version=&#8220;4.0.1&#8243;]<\/p>\n<p style=\"text-align: center;\"><strong>Omega 6\u00a0<br \/><\/strong><strong>polynenasycen\u00e9<br \/> mastn\u00e9 kyseliny<\/strong><\/p>\n<p>[\/et_pb_text][et_pb_counters _builder_version=&#8220;4.0.1&#8243;][et_pb_counter percent=&#8220;20&#8243; _builder_version=&#8220;4.0.1&#8243; background_enable_color_default=&#8220;on&#8220; parallax_default=&#8220;off&#8220; parallax_method_default=&#8220;on&#8220; bar_background_color_default=&#8220;#7EBEC5&#8243; use_percentages=&#8220;on&#8220; allow_player_pause_default=&#8220;off&#8220;]\u0158epkov\u00fd olej[\/et_pb_counter][et_pb_counter percent=&#8220;61&#8243; _builder_version=&#8220;4.0.1&#8243; background_enable_color_default=&#8220;on&#8220; parallax_default=&#8220;off&#8220; parallax_method_default=&#8220;on&#8220; bar_background_color_default=&#8220;#7EBEC5&#8243; use_percentages=&#8220;on&#8220; allow_player_pause_default=&#8220;off&#8220;]Slune\u010dnicov\u00fd olej[\/et_pb_counter][et_pb_counter percent=&#8220;9&#8243; _builder_version=&#8220;4.0.1&#8243; background_enable_color_default=&#8220;on&#8220; parallax_default=&#8220;off&#8220; parallax_method_default=&#8220;on&#8220; bar_background_color_default=&#8220;#7EBEC5&#8243; use_percentages=&#8220;on&#8220; allow_player_pause_default=&#8220;off&#8220;]Olivov\u00fd olej[\/et_pb_counter][et_pb_counter percent=&#8220;8&#8243; _builder_version=&#8220;4.0.1&#8243; background_enable_color_default=&#8220;on&#8220; parallax_default=&#8220;off&#8220; parallax_method_default=&#8220;on&#8220; bar_background_color_default=&#8220;#7EBEC5&#8243; use_percentages=&#8220;on&#8220; allow_player_pause_default=&#8220;off&#8220;]S\u00e1dlo[\/et_pb_counter][et_pb_counter percent=&#8220;1,5&#8243; _builder_version=&#8220;4.0.1&#8243; background_enable_color_default=&#8220;on&#8220; parallax_default=&#8220;off&#8220; parallax_method_default=&#8220;on&#8220; bar_background_color_default=&#8220;#7EBEC5&#8243; use_percentages=&#8220;on&#8220; allow_player_pause_default=&#8220;off&#8220;]Ml\u00e9\u010dn\u00fd tuk[\/et_pb_counter][\/et_pb_counters][\/et_pb_column][et_pb_column type=&#8220;1_5&#8243; _builder_version=&#8220;4.0.1&#8243;][et_pb_text _builder_version=&#8220;4.0.1&#8243;]<\/p>\n<p style=\"text-align: center;\"><strong>Omega 3\u00a0<br \/>polynenasycen\u00e9<br \/> mastn\u00e9 kyseliny<\/strong><\/p>\n<p>[\/et_pb_text][et_pb_counters _builder_version=&#8220;4.0.1&#8243;][et_pb_counter percent=&#8220;10&#8243; _builder_version=&#8220;4.0.1&#8243; background_enable_color_default=&#8220;on&#8220; parallax_default=&#8220;off&#8220; parallax_method_default=&#8220;on&#8220; bar_background_color_default=&#8220;#7EBEC5&#8243; use_percentages=&#8220;on&#8220; allow_player_pause_default=&#8220;off&#8220;]\u0158epkov\u00fd olej[\/et_pb_counter][et_pb_counter percent=&#8220;0,5&#8243; _builder_version=&#8220;4.0.1&#8243; background_enable_color_default=&#8220;on&#8220; parallax_default=&#8220;off&#8220; parallax_method_default=&#8220;on&#8220; bar_background_color_default=&#8220;#7EBEC5&#8243; use_percentages=&#8220;on&#8220; allow_player_pause_default=&#8220;off&#8220;]Slune\u010dnicov\u00fd olej[\/et_pb_counter][et_pb_counter percent=&#8220;1&#8243; _builder_version=&#8220;4.0.1&#8243; background_enable_color_default=&#8220;on&#8220; parallax_default=&#8220;off&#8220; parallax_method_default=&#8220;on&#8220; bar_background_color_default=&#8220;#7EBEC5&#8243; use_percentages=&#8220;on&#8220; allow_player_pause_default=&#8220;off&#8220;]Olivov\u00fd olej[\/et_pb_counter][et_pb_counter percent=&#8220;1&#8243; _builder_version=&#8220;4.0.1&#8243; background_enable_color_default=&#8220;on&#8220; parallax_default=&#8220;off&#8220; parallax_method_default=&#8220;on&#8220; bar_background_color_default=&#8220;#7EBEC5&#8243; use_percentages=&#8220;on&#8220; allow_player_pause_default=&#8220;off&#8220;]S\u00e1dlo[\/et_pb_counter][et_pb_counter percent=&#8220;0,5&#8243; _builder_version=&#8220;4.0.1&#8243; background_enable_color_default=&#8220;on&#8220; parallax_default=&#8220;off&#8220; parallax_method_default=&#8220;on&#8220; bar_background_color_default=&#8220;#7EBEC5&#8243; use_percentages=&#8220;on&#8220; allow_player_pause_default=&#8220;off&#8220;]Ml\u00e9\u010dn\u00fd tuk[\/et_pb_counter][\/et_pb_counters][\/et_pb_column][\/et_pb_row][et_pb_row _builder_version=&#8220;4.7.0&#8243; _module_preset=&#8220;default&#8220;][et_pb_column type=&#8220;4_4&#8243; _builder_version=&#8220;4.7.0&#8243; _module_preset=&#8220;default&#8220;][et_pb_image src=&#8220;https:\/\/www.olejnadzlato.cz\/wp-content\/uploads\/2023\/04\/logo-Mze-cmyk-v.png&#8220; title_text=&#8220;logo-Mze-cmyk-v&#8220; align=&#8220;center&#8220; _builder_version=&#8220;4.7.0&#8243; _module_preset=&#8220;default&#8220; width=&#8220;17%&#8220; max_width=&#8220;100%&#8220;][\/et_pb_image][et_pb_text _builder_version=&#8220;4.7.0&#8243; _module_preset=&#8220;default&#8220; hover_enabled=&#8220;0&#8243; sticky_enabled=&#8220;0&#8243;]<\/p>\n<p style=\"text-align: center;\"><span>Projekt byl realizov\u00e1n s finan\u010dn\u00ed podporou Ministerstva zem\u011bd\u011blstv\u00ed.<\/span><\/p>\n<p style=\"font-weight: 400; text-align: center;\">2019 &#8211; \u201eZlep\u0161en\u00ed odborn\u00e9 erudovanosti v oblasti zdrav\u00e9 v\u00fd\u017eivy a zdrav\u00e9ho \u017eivotn\u00edho stylu v souvislosti s konzumac\u00ed tuk\u016f\u201c<br \/> 2020 &#8211; \u201eTuky, m\u00fdty a realita \u2013 edukace ve smyslu zdrav\u00e9 v\u00fd\u017eivy a udr\u017eiteln\u00e9ho p\u011bstov\u00e1n\u00ed olejnin a z\u00edsk\u00e1v\u00e1n\u00ed oleje\u201c<br \/> 2021 &#8211; \u201eEdukace ohledn\u011b mastn\u00fdch kyselin \u2013 kl\u00ed\u010d k\u00a0pochopen\u00ed problematiky tuk\u016f\u201c<br \/> 2022 &#8211; \u201eJak se l\u00e9pe orientovat v problematice tuk\u016f\u201c<br \/> 2023 &#8211; \u201e<span>Nau\u010dte se pou\u017e\u00edvat jedl\u00e9 tuky a oleje<\/span>\u201c<\/p>\n<p>[\/et_pb_text][\/et_pb_column][\/et_pb_row][\/et_pb_section]<\/p>\n","protected":false},"excerpt":{"rendered":"<p>[et_pb_section fb_built=&#8220;1&#8243; fullwidth=&#8220;on&#8220; _builder_version=&#8220;4.0.1&#8243;][et_pb_fullwidth_slider _builder_version=&#8220;4.7.0&#8243; custom_padding=&#8220;113px||140px|||&#8220; animation_style=&#8220;fade&#8220; auto=&#8220;on&#8220;][et_pb_slide button_text=&#8220;\u010c\u00edst d\u00e1le&#8220; button_link=&#8220;https:\/\/mytyoolejich.cz&#8220; image=&#8220;https:\/\/www.olejnadzlato.cz\/wp-content\/uploads\/2019\/11\/myty.png&#8220; use_bg_overlay=&#8220;off&#8220; use_text_overlay=&#8220;on&#8220; text_overlay_color=&#8220;rgba(12,113,195,0.71)&#8220; text_border_radius=&#8220;26px&#8220; image_tablet=&#8220;&#8220; image_phone=&#8220;&#8220; image_last_edited=&#8220;on|desktop&#8220; _builder_version=&#8220;4.7.0&#8243; body_font=&#8220;||||||||&#8220; background_image=&#8220;https:\/\/www.olejnadzlato.cz\/wp-content\/uploads\/2019\/11\/pole.jpg&#8220; background_enable_image=&#8220;on&#8220; custom_button=&#8220;on&#8220; button_bg_color=&#8220;rgba(12,113,195,0.79)&#8220; button_border_radius=&#8220;31px&#8220; button_alignment=&#8220;right&#8220; box_shadow_style_button=&#8220;preset2&#8243; image__hover_enabled=&#8220;on|desktop&#8220; sticky_transition=&#8220;on&#8220;] V\u00a0m\u00e9di\u00edch se \u010dasto objevuj\u00ed informace o\u00a0\u201e\u017elut\u00e9m zlu\u201c, kter\u00e9 zvy\u0161uje erozi p\u016fdy a\u00a0vy\u010derp\u00e1v\u00e1 osevn\u00ed postupy, zab\u00edj\u00ed srn\u010d\u00ed zv\u011b\u0159, hub\u00ed v\u010dely a\u00a0tr\u00e1p\u00ed osoby alergick\u00e9 na pyl. \u0158epkov\u00fd [&hellip;]<\/p>\n","protected":false},"author":1,"featured_media":0,"parent":0,"menu_order":0,"comment_status":"closed","ping_status":"closed","template":"","meta":{"_et_pb_use_builder":"on","_et_pb_old_content":"","_et_gb_content_width":""},"_links":{"self":[{"href":"https:\/\/www.olejnadzlato.cz\/index.php?rest_route=\/wp\/v2\/pages\/26"}],"collection":[{"href":"https:\/\/www.olejnadzlato.cz\/index.php?rest_route=\/wp\/v2\/pages"}],"about":[{"href":"https:\/\/www.olejnadzlato.cz\/index.php?rest_route=\/wp\/v2\/types\/page"}],"author":[{"embeddable":true,"href":"https:\/\/www.olejnadzlato.cz\/index.php?rest_route=\/wp\/v2\/users\/1"}],"replies":[{"embeddable":true,"href":"https:\/\/www.olejnadzlato.cz\/index.php?rest_route=%2Fwp%2Fv2%2Fcomments&post=26"}],"version-history":[{"count":38,"href":"https:\/\/www.olejnadzlato.cz\/index.php?rest_route=\/wp\/v2\/pages\/26\/revisions"}],"predecessor-version":[{"id":1251,"href":"https:\/\/www.olejnadzlato.cz\/index.php?rest_route=\/wp\/v2\/pages\/26\/revisions\/1251"}],"wp:attachment":[{"href":"https:\/\/www.olejnadzlato.cz\/index.php?rest_route=%2Fwp%2Fv2%2Fmedia&parent=26"}],"curies":[{"name":"wp","href":"https:\/\/api.w.org\/{rel}","templated":true}]}}