{"id":18,"date":"2019-11-20T17:34:39","date_gmt":"2019-11-20T16:34:39","guid":{"rendered":"https:\/\/www.olejnadzlato.cz\/?page_id=18"},"modified":"2022-10-31T10:20:46","modified_gmt":"2022-10-31T09:20:46","slug":"kontakt","status":"publish","type":"page","link":"https:\/\/www.olejnadzlato.cz\/?page_id=18","title":{"rendered":"Kontakt"},"content":{"rendered":"<p>[et_pb_section fb_built=&#8220;1&#8243; fullwidth=&#8220;on&#8220; _builder_version=&#8220;4.0.1&#8243;][et_pb_fullwidth_image src=&#8220;https:\/\/www.olejnadzlato.cz\/wp-content\/uploads\/2019\/11\/uzky-banner-kontakty.jpg&#8220; _builder_version=&#8220;4.0.1&#8243;][\/et_pb_fullwidth_image][\/et_pb_section][et_pb_section fb_built=&#8220;1&#8243; _builder_version=&#8220;4.0.1&#8243; custom_padding=&#8220;22px|||||&#8220;][et_pb_row _builder_version=&#8220;4.0.1&#8243; custom_padding=&#8220;5px|||||&#8220;][et_pb_column type=&#8220;4_4&#8243; _builder_version=&#8220;4.0.1&#8243;][et_pb_text _builder_version=&#8220;4.0.1&#8243; custom_padding=&#8220;||0px|||&#8220;]<\/p>\n<h3 style=\"text-align: justify;\"><strong>KONTAKTN\u00cd INFORMACE<\/strong><em><strong><\/strong><\/em><\/h3>\n<p>\u00a0<em><strong>P<\/strong><\/em><em style=\"font-size: 14px; text-align: justify;\"><strong>ro dal\u0161\u00ed informace se m\u016f\u017eete obr\u00e1tit na:<\/strong><\/em><span style=\"font-size: 14px;\">\u00a0<\/span><\/p>\n<p style=\"text-align: justify;\">doc. Ing. Ji\u0159\u00edho Br\u00e1ta, CSc.<span style=\"font-size: 14px; text-align: left;\">\u00a0<\/span><\/p>\n<p style=\"text-align: justify;\">doc. Ing. Petra Baranyka, CSc.\u00a0<span style=\"font-size: 14px; text-align: left;\">\u00a0<\/span><\/p>\n<p style=\"text-align: justify;\">Ing. Josefa \u0160ke\u0159\u00edka, CSc.<span style=\"font-size: 14px; text-align: left;\">\u00a0<\/span><\/p>\n<p style=\"text-align: justify;\">Tel.: +420 283 099 511 (sekretari\u00e1t SPZO)<\/p>\n<p>\u00a0<em style=\"font-size: 14px; text-align: justify;\"><strong>nebo vyu\u017eijte kontaktn\u00ed formul\u00e1\u0159:<\/strong><\/em><\/p>\n<p>[\/et_pb_text][et_pb_contact_form _builder_version=&#8220;4.0.1&#8243; custom_margin=&#8220;-1px|||||&#8220;][et_pb_contact_field field_id=&#8220;Name&#8220; field_title=&#8220;Jm\u00e9no&#8220; _builder_version=&#8220;4.0.1&#8243; button_text_size__hover_enabled=&#8220;off&#8220; button_one_text_size__hover_enabled=&#8220;off&#8220; button_two_text_size__hover_enabled=&#8220;off&#8220; button_text_color__hover_enabled=&#8220;off&#8220; button_one_text_color__hover_enabled=&#8220;off&#8220; button_two_text_color__hover_enabled=&#8220;off&#8220; button_border_width__hover_enabled=&#8220;off&#8220; button_one_border_width__hover_enabled=&#8220;off&#8220; button_two_border_width__hover_enabled=&#8220;off&#8220; button_border_color__hover_enabled=&#8220;off&#8220; button_one_border_color__hover_enabled=&#8220;off&#8220; button_two_border_color__hover_enabled=&#8220;off&#8220; button_border_radius__hover_enabled=&#8220;off&#8220; button_one_border_radius__hover_enabled=&#8220;off&#8220; button_two_border_radius__hover_enabled=&#8220;off&#8220; button_letter_spacing__hover_enabled=&#8220;off&#8220; button_one_letter_spacing__hover_enabled=&#8220;off&#8220; button_two_letter_spacing__hover_enabled=&#8220;off&#8220; button_bg_color__hover_enabled=&#8220;off&#8220; button_one_bg_color__hover_enabled=&#8220;off&#8220; button_two_bg_color__hover_enabled=&#8220;off&#8220;][\/et_pb_contact_field][et_pb_contact_field field_id=&#8220;Email&#8220; field_title=&#8220;E-mailov\u00e1 adresa&#8220; field_type=&#8220;email&#8220; _builder_version=&#8220;3.16&#8243; button_text_size__hover_enabled=&#8220;off&#8220; button_one_text_size__hover_enabled=&#8220;off&#8220; button_two_text_size__hover_enabled=&#8220;off&#8220; button_text_color__hover_enabled=&#8220;off&#8220; button_one_text_color__hover_enabled=&#8220;off&#8220; button_two_text_color__hover_enabled=&#8220;off&#8220; button_border_width__hover_enabled=&#8220;off&#8220; button_one_border_width__hover_enabled=&#8220;off&#8220; button_two_border_width__hover_enabled=&#8220;off&#8220; button_border_color__hover_enabled=&#8220;off&#8220; button_one_border_color__hover_enabled=&#8220;off&#8220; button_two_border_color__hover_enabled=&#8220;off&#8220; button_border_radius__hover_enabled=&#8220;off&#8220; button_one_border_radius__hover_enabled=&#8220;off&#8220; button_two_border_radius__hover_enabled=&#8220;off&#8220; button_letter_spacing__hover_enabled=&#8220;off&#8220; button_one_letter_spacing__hover_enabled=&#8220;off&#8220; button_two_letter_spacing__hover_enabled=&#8220;off&#8220; button_bg_color__hover_enabled=&#8220;off&#8220; button_one_bg_color__hover_enabled=&#8220;off&#8220; button_two_bg_color__hover_enabled=&#8220;off&#8220;][\/et_pb_contact_field][et_pb_contact_field field_id=&#8220;Message&#8220; field_title=&#8220;Zpr\u00e1va&#8220; field_type=&#8220;text&#8220; fullwidth_field=&#8220;on&#8220; _builder_version=&#8220;3.16&#8243; button_text_size__hover_enabled=&#8220;off&#8220; button_one_text_size__hover_enabled=&#8220;off&#8220; button_two_text_size__hover_enabled=&#8220;off&#8220; button_text_color__hover_enabled=&#8220;off&#8220; button_one_text_color__hover_enabled=&#8220;off&#8220; button_two_text_color__hover_enabled=&#8220;off&#8220; button_border_width__hover_enabled=&#8220;off&#8220; button_one_border_width__hover_enabled=&#8220;off&#8220; button_two_border_width__hover_enabled=&#8220;off&#8220; button_border_color__hover_enabled=&#8220;off&#8220; button_one_border_color__hover_enabled=&#8220;off&#8220; button_two_border_color__hover_enabled=&#8220;off&#8220; button_border_radius__hover_enabled=&#8220;off&#8220; button_one_border_radius__hover_enabled=&#8220;off&#8220; button_two_border_radius__hover_enabled=&#8220;off&#8220; button_letter_spacing__hover_enabled=&#8220;off&#8220; button_one_letter_spacing__hover_enabled=&#8220;off&#8220; button_two_letter_spacing__hover_enabled=&#8220;off&#8220; button_bg_color__hover_enabled=&#8220;off&#8220; button_one_bg_color__hover_enabled=&#8220;off&#8220; button_two_bg_color__hover_enabled=&#8220;off&#8220;][\/et_pb_contact_field][\/et_pb_contact_form][\/et_pb_column][\/et_pb_row][\/et_pb_section]<\/p>\n","protected":false},"excerpt":{"rendered":"<p>[et_pb_section fb_built=&#8220;1&#8243; fullwidth=&#8220;on&#8220; _builder_version=&#8220;4.0.1&#8243;][et_pb_fullwidth_image src=&#8220;https:\/\/www.olejnadzlato.cz\/wp-content\/uploads\/2019\/11\/uzky-banner-kontakty.jpg&#8220; _builder_version=&#8220;4.0.1&#8243;][\/et_pb_fullwidth_image][\/et_pb_section][et_pb_section fb_built=&#8220;1&#8243; _builder_version=&#8220;4.0.1&#8243; custom_padding=&#8220;22px|||||&#8220;][et_pb_row _builder_version=&#8220;4.0.1&#8243; custom_padding=&#8220;5px|||||&#8220;][et_pb_column type=&#8220;4_4&#8243; _builder_version=&#8220;4.0.1&#8243;][et_pb_text _builder_version=&#8220;4.0.1&#8243; custom_padding=&#8220;||0px|||&#8220;] KONTAKTN\u00cd INFORMACE \u00a0Pro dal\u0161\u00ed informace se m\u016f\u017eete obr\u00e1tit na:\u00a0 doc. Ing. Ji\u0159\u00edho Br\u00e1ta, CSc.\u00a0 doc. Ing. Petra Baranyka, CSc.\u00a0\u00a0 Ing. Josefa \u0160ke\u0159\u00edka, CSc.\u00a0 Tel.: +420 283 099 511 (sekretari\u00e1t SPZO) \u00a0nebo vyu\u017eijte kontaktn\u00ed formul\u00e1\u0159: [\/et_pb_text][et_pb_contact_form _builder_version=&#8220;4.0.1&#8243; custom_margin=&#8220;-1px|||||&#8220;][et_pb_contact_field field_id=&#8220;Name&#8220; field_title=&#8220;Jm\u00e9no&#8220; _builder_version=&#8220;4.0.1&#8243; [&hellip;]<\/p>\n","protected":false},"author":1,"featured_media":0,"parent":0,"menu_order":0,"comment_status":"closed","ping_status":"closed","template":"","meta":{"_et_pb_use_builder":"on","_et_pb_old_content":"","_et_gb_content_width":""},"_links":{"self":[{"href":"https:\/\/www.olejnadzlato.cz\/index.php?rest_route=\/wp\/v2\/pages\/18"}],"collection":[{"href":"https:\/\/www.olejnadzlato.cz\/index.php?rest_route=\/wp\/v2\/pages"}],"about":[{"href":"https:\/\/www.olejnadzlato.cz\/index.php?rest_route=\/wp\/v2\/types\/page"}],"author":[{"embeddable":true,"href":"https:\/\/www.olejnadzlato.cz\/index.php?rest_route=\/wp\/v2\/users\/1"}],"replies":[{"embeddable":true,"href":"https:\/\/www.olejnadzlato.cz\/index.php?rest_route=%2Fwp%2Fv2%2Fcomments&post=18"}],"version-history":[{"count":7,"href":"https:\/\/www.olejnadzlato.cz\/index.php?rest_route=\/wp\/v2\/pages\/18\/revisions"}],"predecessor-version":[{"id":1121,"href":"https:\/\/www.olejnadzlato.cz\/index.php?rest_route=\/wp\/v2\/pages\/18\/revisions\/1121"}],"wp:attachment":[{"href":"https:\/\/www.olejnadzlato.cz\/index.php?rest_route=%2Fwp%2Fv2%2Fmedia&parent=18"}],"curies":[{"name":"wp","href":"https:\/\/api.w.org\/{rel}","templated":true}]}}