{"id":16,"date":"2019-11-20T17:33:16","date_gmt":"2019-11-20T16:33:16","guid":{"rendered":"https:\/\/www.olejnadzlato.cz\/?page_id=16"},"modified":"2023-09-13T18:08:44","modified_gmt":"2023-09-13T16:08:44","slug":"materialy","status":"publish","type":"page","link":"https:\/\/www.olejnadzlato.cz\/?page_id=16","title":{"rendered":"Materi\u00e1ly"},"content":{"rendered":"<p>[et_pb_section fb_built=&#8220;1&#8243; _builder_version=&#8220;4.0.1&#8243;][et_pb_row _builder_version=&#8220;4.0.1&#8243;][et_pb_column type=&#8220;4_4&#8243; _builder_version=&#8220;4.0.1&#8243;][et_pb_text _builder_version=&#8220;4.0.1&#8243;]Let\u00e1ky, bro\u017eury, videa, tiskov\u00e9 zpr\u00e1vy a dal\u0161\u00ed materi\u00e1ly o \u0159epkov\u00e9m oleji.[\/et_pb_text][\/et_pb_column][\/et_pb_row][et_pb_row column_structure=&#8220;2_3,1_3&#8243; _builder_version=&#8220;4.0.1&#8243;][et_pb_column type=&#8220;2_3&#8243; _builder_version=&#8220;4.0.1&#8243;][et_pb_text _builder_version=&#8220;4.7.0&#8243; hover_enabled=&#8220;0&#8243; sticky_enabled=&#8220;0&#8243;]<\/p>\n<ul>\n<li><span>Bro\u017eura &#8222;<strong>Vyznejte se v olej\u00edch a tuc\u00edch &#8211; 5. roz\u0161\u00ed\u0159en\u00e9 vyd\u00e1n\u00ed<\/strong>\u00a0<a href=\"https:\/\/www.olejnadzlato.cz\/wp-content\/uploads\/2023\/09\/vyznejme-se-v-tucich-web-5.pdf\">dokument PDF<\/a><\/span><span><\/span><\/li>\n<li><span>Bro\u017eura &#8222;<strong>Vyznejte se v olej\u00edch a tuc\u00edch &#8211; 4. roz\u0161\u00ed\u0159en\u00e9 vyd\u00e1n\u00ed<\/strong>\u00a0<a href=\"https:\/\/www.olejnadzlato.cz\/wp-content\/uploads\/2022\/09\/vyznejme-se-v-tucich-ISBN-web.pdf\">dokument PDF<\/a><\/span><\/li>\n<li><span>Bro\u017eura &#8222;<strong>Vyznejte se v olej\u00edch a tuc\u00edch &#8211; 3. roz\u0161\u00ed\u0159en\u00e9 vyd\u00e1n\u00ed<\/strong>&#8220; <\/span><a href=\"https:\/\/www.olejnadzlato.cz\/wp-content\/uploads\/2021\/10\/vyznejme-se-v-tucich-211021.pdf\">dokument PDF<\/a><\/li>\n<li><span>Bro\u017eura &#8222;<strong>Vyznejte se v olej\u00edch a tuc\u00edch &#8211; 2. roz\u0161\u00ed\u0159en\u00e9 vyd\u00e1n\u00ed<\/strong>&#8222;<\/span><span style=\"font-size: 14px;\"><\/span><a href=\"https:\/\/www.olejnadzlato.cz\/wp-content\/uploads\/2022\/07\/vyznejme-se-v-tucich-020621.pdf\" style=\"font-size: 14px;\">\u00a0\u00a0dokument PDF<\/a><\/li>\n<li><span style=\"font-size: 14px;\">Bro\u017eura &#8222;<\/span><strong style=\"font-size: 14px;\">Vyznejte se v rostlinn\u00fdch olej\u00edch a tuc\u00edch<\/strong><span style=\"font-size: 14px;\">&#8220; <\/span><a href=\"https:\/\/www.olejnadzlato.cz\/wp-content\/uploads\/2020\/11\/vyznejme-se-v-tucich-301020-web.pdf\" style=\"font-size: 14px;\">dokument PDF<\/a><\/li>\n<li><span>Bro\u017eura &#8222;<strong>\u0158epkov\u00fd olej a co jste o n\u011bm mo\u017en\u00e1 nev\u011bd\u011bli + recepty<\/strong>&#8220; <a href=\"https:\/\/www.olejnadzlato.cz\/wp-content\/uploads\/2020\/03\/brozura-olej-2015-f.pdf\">dokument PDF<\/a><\/span><\/li>\n<li><span style=\"font-size: 14px;\">Bro\u017eura &#8222;<\/span><strong style=\"font-size: 14px;\"><span style=\"font-size: 14px;\">M\u00fdty a fakta\u00a0<\/span><span style=\"font-size: 14px;\">o p\u011bstov\u00e1n\u00ed a zpracov\u00e1n\u00ed\u00a0<\/span><\/strong><span style=\"font-size: 14px;\"><strong>\u0159epky olejky v \u010cR<\/strong>&#8220; <a href=\"https:\/\/www.olejnadzlato.cz\/wp-content\/uploads\/2019\/11\/myty-final-2019-web.pdf\">dokument PDF<\/a><\/span><\/li>\n<li>Bro\u017eura &#8222;<strong>Udr\u017eiteln\u00e9 p\u011bstov\u00e1n\u00ed \u0159epky olejky<\/strong><span style=\"font-size: 14px;\">&#8222;<a href=\"https:\/\/www.olejnadzlato.cz\/wp-content\/uploads\/2019\/11\/udrzitelnost-repka-final-web.pdf\"> dokument PDF<\/a><\/span><\/li>\n<li><span style=\"font-size: 14px;\">Bro\u017eura &#8222;<\/span><strong style=\"font-size: 14px;\">\u0158epkov\u00fd olej jako sou\u010d\u00e1st v\u00fd\u017eivov\u00fdch doporu\u010den\u00ed<\/strong><span style=\"font-size: 14px;\">&#8220; <\/span><a style=\"font-size: 14px;\" href=\"https:\/\/www.olejnadzlato.cz\/wp-content\/uploads\/2019\/12\/brozura-A5_web.pdf\">dokument PDF<\/a><\/li>\n<li>Bro\u017eura &#8222;<span style=\"font-size: 14px;\"><span style=\"font-size: 14px;\"><strong>Otazn\u00edky\u00a0kolem \u0159epkov\u00e9ho oleje<\/strong>&#8220; <a href=\"https:\/\/www.olejnadzlato.cz\/wp-content\/uploads\/2019\/11\/Otazn\u00edky-kolem-\u0159epkov\u00e9ho-oleje.pdf\">dokument PDF<\/a><\/span><\/span><\/li>\n<li>Let\u00e1k &#8222;<span style=\"font-size: 14px;\"><strong>\u0158epkov\u00fd olej v kuchyni<\/strong>&#8220; <a href=\"https:\/\/www.olejnadzlato.cz\/wp-content\/uploads\/2019\/11\/\u0158epkov-\u00fd-olej-v-kuchyni.pdf\">dokument PDF<\/a><\/span><\/li>\n<li><span style=\"font-size: 14px;\">Let\u00e1k &#8222;<\/span><strong style=\"font-size: 14px;\">\u0158epkov\u00fd olej\u00a0<\/strong><span style=\"font-size: 14px;\"><strong>kr\u00e1l \u010desk\u00fdch kuchyn\u00ed<\/strong>&#8220; <a href=\"https:\/\/www.olejnadzlato.cz\/wp-content\/uploads\/2019\/11\/Olejov\u00fd-tah\u00e1k.pdf\">dokument PDF<\/a><\/span><\/li>\n<li><span style=\"font-size: 14px;\">Let\u00e1k &#8222;<\/span><b style=\"font-size: 14px;\">Olejov\u00fd tah\u00e1k<\/b><span style=\"font-size: 14px;\">&#8220; <\/span><a style=\"font-size: 14px;\" href=\"https:\/\/www.olejnadzlato.cz\/wp-content\/uploads\/2019\/11\/Olejov\u00fd-tah\u00e1k-1.pdf\">dokument PDF<\/a><\/li>\n<li><span style=\"font-size: 14px;\">Kalend\u00e1\u0159 2014 &#8222;<\/span><span style=\"font-size: 14px;\"><strong>\u0158epkov\u00fd olej v kuchyni &#8211; recepty<\/strong><\/span><span style=\"font-size: 14px;\">&#8220; <\/span><a style=\"font-size: 14px;\" href=\"https:\/\/www.olejnadzlato.cz\/wp-content\/uploads\/2019\/11\/kalendar-24-listu-2014.pdf\">dokument PDF<\/a><\/li>\n<li><span style=\"font-size: 14px;\">Kalend\u00e1\u0159 2015 &#8222;<\/span><strong style=\"font-size: 14px;\">\u0158epkov\u00fd olej v kuchyni &#8211; recepty<\/strong><span style=\"font-size: 14px;\">&#8220; <\/span><a style=\"font-size: 14px;\" href=\"https:\/\/www.olejnadzlato.cz\/wp-content\/uploads\/2019\/11\/kalendar-12-listu-2015.pdf\">dokument PDF<\/a><\/li>\n<li>Video &#8222;<strong>\u0158epkov\u00fd olej &#8211; olej nad zlato<\/strong>&#8220; <a href=\"https:\/\/youtu.be\/-SIPMLgkKl4\">odkaz na video<\/a><\/li>\n<li>Video &#8222;<strong>\u0158epkov\u00fd olej &#8211; olej nad zlato &#8211; z\u00e1hadn\u00e9 kruhy<\/strong>&#8220; <a href=\"Video%20&quot;\u0158epkov\u00fd olej - olej nad zlato&quot;\">odkaz na video<\/a><\/li>\n<li>Video &#8222;<strong>\u0158epkov\u00fd olej &#8211; olej nad zlato 2<\/strong>&#8220; <a href=\"Video%20&quot;\u0158epkov\u00fd olej - olej nad zlato&quot;\">odkaz na video<\/a><\/li>\n<li>Video &#8222;<strong>\u010cT &#8211; sama doma<\/strong>&#8220; <a href=\"https:\/\/www.ceskatelevize.cz\/porady\/1148499747-sama-doma\/213562220600067\/\">odkaz na video<\/a><\/li>\n<li>\u010cesk\u00fd rozhlas &#8222;<strong>Zdravotn\u00ed poradna &#8211; tuky ve stravov\u00e1n<\/strong>\u00ed&#8220; <a href=\"https:\/\/prehravac.rozhlas.cz\/audio\/2872262\">odkaz na po\u0159ad<\/a><\/li>\n<li>\u010cesk\u00fd rozhlas &#8222;<strong>L\u00e9ka\u0159sk\u00e1 poradna &#8211;\u00a0<\/strong><strong>nutri\u010dn\u00ed specialista Pavel Such\u00e1nek<\/strong>&#8220; <a href=\"https:\/\/prehravac.rozhlas.cz\/audio\/3232345\">odkaz na po\u0159ad<\/a><\/li>\n<\/ul>\n<p>&nbsp;<\/p>\n<p>[\/et_pb_text][\/et_pb_column][et_pb_column type=&#8220;1_3&#8243; _builder_version=&#8220;4.0.1&#8243;][\/et_pb_column][\/et_pb_row][\/et_pb_section]<\/p>\n","protected":false},"excerpt":{"rendered":"<p>[et_pb_section fb_built=&#8220;1&#8243; _builder_version=&#8220;4.0.1&#8243;][et_pb_row _builder_version=&#8220;4.0.1&#8243;][et_pb_column type=&#8220;4_4&#8243; _builder_version=&#8220;4.0.1&#8243;][et_pb_text _builder_version=&#8220;4.0.1&#8243;]Let\u00e1ky, bro\u017eury, videa, tiskov\u00e9 zpr\u00e1vy a dal\u0161\u00ed materi\u00e1ly o \u0159epkov\u00e9m oleji.[\/et_pb_text][\/et_pb_column][\/et_pb_row][et_pb_row column_structure=&#8220;2_3,1_3&#8243; _builder_version=&#8220;4.0.1&#8243;][et_pb_column type=&#8220;2_3&#8243; _builder_version=&#8220;4.0.1&#8243;][et_pb_text _builder_version=&#8220;4.7.0&#8243; hover_enabled=&#8220;0&#8243; sticky_enabled=&#8220;0&#8243;] Bro\u017eura &#8222;Vyznejte se v olej\u00edch a tuc\u00edch &#8211; 5. roz\u0161\u00ed\u0159en\u00e9 vyd\u00e1n\u00ed\u00a0dokument PDF Bro\u017eura &#8222;Vyznejte se v olej\u00edch a tuc\u00edch &#8211; 4. roz\u0161\u00ed\u0159en\u00e9 vyd\u00e1n\u00ed\u00a0dokument PDF Bro\u017eura &#8222;Vyznejte se v olej\u00edch a tuc\u00edch [&hellip;]<\/p>\n","protected":false},"author":1,"featured_media":0,"parent":0,"menu_order":0,"comment_status":"closed","ping_status":"closed","template":"","meta":{"_et_pb_use_builder":"on","_et_pb_old_content":"","_et_gb_content_width":""},"_links":{"self":[{"href":"https:\/\/www.olejnadzlato.cz\/index.php?rest_route=\/wp\/v2\/pages\/16"}],"collection":[{"href":"https:\/\/www.olejnadzlato.cz\/index.php?rest_route=\/wp\/v2\/pages"}],"about":[{"href":"https:\/\/www.olejnadzlato.cz\/index.php?rest_route=\/wp\/v2\/types\/page"}],"author":[{"embeddable":true,"href":"https:\/\/www.olejnadzlato.cz\/index.php?rest_route=\/wp\/v2\/users\/1"}],"replies":[{"embeddable":true,"href":"https:\/\/www.olejnadzlato.cz\/index.php?rest_route=%2Fwp%2Fv2%2Fcomments&post=16"}],"version-history":[{"count":23,"href":"https:\/\/www.olejnadzlato.cz\/index.php?rest_route=\/wp\/v2\/pages\/16\/revisions"}],"predecessor-version":[{"id":1198,"href":"https:\/\/www.olejnadzlato.cz\/index.php?rest_route=\/wp\/v2\/pages\/16\/revisions\/1198"}],"wp:attachment":[{"href":"https:\/\/www.olejnadzlato.cz\/index.php?rest_route=%2Fwp%2Fv2%2Fmedia&parent=16"}],"curies":[{"name":"wp","href":"https:\/\/api.w.org\/{rel}","templated":true}]}}