{"id":1009,"date":"2021-06-29T17:11:23","date_gmt":"2021-06-29T15:11:23","guid":{"rendered":"https:\/\/www.olejnadzlato.cz\/?page_id=1009"},"modified":"2021-06-29T17:14:03","modified_gmt":"2021-06-29T15:14:03","slug":"napoje-2","status":"publish","type":"page","link":"https:\/\/www.olejnadzlato.cz\/?page_id=1009","title":{"rendered":"N\u00e1poje"},"content":{"rendered":"<p>[et_pb_section fb_built=&#8220;1&#8243; _builder_version=&#8220;4.7.0&#8243; _module_preset=&#8220;default&#8220;][et_pb_row _builder_version=&#8220;4.7.0&#8243; _module_preset=&#8220;default&#8220; column_structure=&#8220;2_3,1_3&#8243;][et_pb_column _builder_version=&#8220;4.7.0&#8243; _module_preset=&#8220;default&#8220; type=&#8220;2_3&#8243;][et_pb_image src=&#8220;https:\/\/www.olejnadzlato.cz\/wp-content\/uploads\/2021\/06\/Napoje.jpg&#8220; _builder_version=&#8220;4.7.0&#8243; _module_preset=&#8220;default&#8220; title_text=&#8220;Na\u0301poje&#8220; hover_enabled=&#8220;0&#8243; sticky_enabled=&#8220;0&#8243;][\/et_pb_image][\/et_pb_column][et_pb_column _builder_version=&#8220;4.7.0&#8243; _module_preset=&#8220;default&#8220; type=&#8220;1_3&#8243;][et_pb_text _builder_version=&#8220;4.7.0&#8243; _module_preset=&#8220;default&#8220; hover_enabled=&#8220;0&#8243; sticky_enabled=&#8220;0&#8243;]<\/p>\n<p><strong>N\u00e1poje<\/strong><\/p>\n<p>N\u00e1poje tvo\u0159\u00ed v r\u00e1mci stravy v z\u00e1kladn\u011b pyramidy segment 7 um\u00edst\u011bn\u00fd ve st\u0159edu kruhu.<\/p>\n<p>Ka\u017ed\u00fd den vypijte p\u0159ibli\u017en\u011b 1,5 litru tekutin,. nejl\u00e9pe vodu nebo jin\u00e9 nekalorick\u00e9 n\u00e1poje, nap\u0159\u00edklad neslazen\u00fd \u010daj. Nedoporu\u010duj\u00ed se sladk\u00e9 a alkoholick\u00e9 n\u00e1poje.<\/p>\n<p><strong>Doporu\u010dovan\u00e9 n\u00e1poje:<\/strong><\/p>\n<p>\u25a0 maj\u00ed n\u00edzk\u00fd obsah kalori\u00ed <br \/>\u25a0 neobsahuj\u00ed stimula\u010dn\u00ed l\u00e1tky, p\u0159idan\u00fd cukr a sladidla <\/p>\n<p><em><strong>N\u00e1poje jsou v r\u00e1mci t\u00e9to skupiny uspo\u0159\u00e1d\u00e1ny podle n\u00e1sleduj\u00edc\u00edch krit\u00e9ri\u00ed:<\/strong><\/em><\/p>\n<ul>\n<li>obsah energie<\/li>\n<li>obsah vitamin\u016f a biologicky aktivn\u00edch l\u00e1tek<\/li>\n<li>obsah stimula\u010dn\u00edch l\u00e1tek a\/nebo sladidel.<\/li>\n<\/ul>\n<p>[\/et_pb_text][\/et_pb_column][\/et_pb_row][\/et_pb_section]<\/p>\n","protected":false},"excerpt":{"rendered":"<p>[et_pb_section fb_built=&#8220;1&#8243; _builder_version=&#8220;4.7.0&#8243; _module_preset=&#8220;default&#8220;][et_pb_row _builder_version=&#8220;4.7.0&#8243; _module_preset=&#8220;default&#8220; column_structure=&#8220;2_3,1_3&#8243;][et_pb_column _builder_version=&#8220;4.7.0&#8243; _module_preset=&#8220;default&#8220; type=&#8220;2_3&#8243;][et_pb_image src=&#8220;https:\/\/www.olejnadzlato.cz\/wp-content\/uploads\/2021\/06\/Napoje.jpg&#8220; _builder_version=&#8220;4.7.0&#8243; _module_preset=&#8220;default&#8220; title_text=&#8220;Na\u0301poje&#8220; hover_enabled=&#8220;0&#8243; sticky_enabled=&#8220;0&#8243;][\/et_pb_image][\/et_pb_column][et_pb_column _builder_version=&#8220;4.7.0&#8243; _module_preset=&#8220;default&#8220; type=&#8220;1_3&#8243;][et_pb_text _builder_version=&#8220;4.7.0&#8243; _module_preset=&#8220;default&#8220; hover_enabled=&#8220;0&#8243; sticky_enabled=&#8220;0&#8243;] N\u00e1poje N\u00e1poje tvo\u0159\u00ed v r\u00e1mci stravy v z\u00e1kladn\u011b pyramidy segment 7 um\u00edst\u011bn\u00fd ve st\u0159edu kruhu. Ka\u017ed\u00fd den vypijte p\u0159ibli\u017en\u011b 1,5 litru tekutin,. nejl\u00e9pe vodu nebo jin\u00e9 nekalorick\u00e9 n\u00e1poje, nap\u0159\u00edklad neslazen\u00fd \u010daj. Nedoporu\u010duj\u00ed [&hellip;]<\/p>\n","protected":false},"author":1,"featured_media":0,"parent":986,"menu_order":0,"comment_status":"closed","ping_status":"closed","template":"","meta":{"_et_pb_use_builder":"on","_et_pb_old_content":"","_et_gb_content_width":""},"_links":{"self":[{"href":"https:\/\/www.olejnadzlato.cz\/index.php?rest_route=\/wp\/v2\/pages\/1009"}],"collection":[{"href":"https:\/\/www.olejnadzlato.cz\/index.php?rest_route=\/wp\/v2\/pages"}],"about":[{"href":"https:\/\/www.olejnadzlato.cz\/index.php?rest_route=\/wp\/v2\/types\/page"}],"author":[{"embeddable":true,"href":"https:\/\/www.olejnadzlato.cz\/index.php?rest_route=\/wp\/v2\/users\/1"}],"replies":[{"embeddable":true,"href":"https:\/\/www.olejnadzlato.cz\/index.php?rest_route=%2Fwp%2Fv2%2Fcomments&post=1009"}],"version-history":[{"count":2,"href":"https:\/\/www.olejnadzlato.cz\/index.php?rest_route=\/wp\/v2\/pages\/1009\/revisions"}],"predecessor-version":[{"id":1012,"href":"https:\/\/www.olejnadzlato.cz\/index.php?rest_route=\/wp\/v2\/pages\/1009\/revisions\/1012"}],"up":[{"embeddable":true,"href":"https:\/\/www.olejnadzlato.cz\/index.php?rest_route=\/wp\/v2\/pages\/986"}],"wp:attachment":[{"href":"https:\/\/www.olejnadzlato.cz\/index.php?rest_route=%2Fwp%2Fv2%2Fmedia&parent=1009"}],"curies":[{"name":"wp","href":"https:\/\/api.w.org\/{rel}","templated":true}]}}